{"id":2972,"date":"2022-02-07T11:09:30","date_gmt":"2022-02-07T10:09:30","guid":{"rendered":"https:\/\/pristudnicke.sk\/location-new\/"},"modified":"2025-07-30T14:08:24","modified_gmt":"2025-07-30T12:08:24","slug":"location-new","status":"publish","type":"page","link":"https:\/\/pristudnicke.sk\/en\/location-new\/","title":{"rendered":"Location"},"content":{"rendered":"<div id=\"holder-lokality\">\r\n\r\n\r\n<div id=\"navigation-page\" data-aos=\"fade-in\" data-aos-offset=\"0\">\r\n\r\n<a href=\"#priroda\" class=\"nav-2\">Nature<\/a>\r\n\r\n<a href=\"#biznis-zona\" class=\"nav-2\">Business zone<\/a>\r\n<a href=\"#mapa-lokality\" class=\"nav-1\">Map<\/a>\r\n<\/div>\r\n\r\n<div id=\"navigation-page\" class=\"bottom-lista\">\r\n\r\n<a href=\"#priroda\" class=\"nav-2\">Nature<\/a>\r\n\r\n<a href=\"#biznis-zona\" class=\"nav-2\">Business zone<\/a>\r\n<a href=\"#mapa-lokality\" class=\"nav-1\">Map<\/a>\r\n<\/div>\r\n\r\n\r\n<div class=\"l_sekcia o_lokalite\">\r\n<h1 class=\"sekcia-nadpis\" data-aos=\"fade-up\" data-aos-offset=\"0\">City and forest in one place<\/h1>\r\n\r\n<div id=\"olokalite-img\" data-aos=\"fade-right\" data-aos-offset=\"0\"><\/div>\r\n\r\n<div id=\"popis-okolia\" data-aos=\"fade-left\" data-aos-offset=\"0\">\r\nThe location in which the PRI STUDNI\u010cKE residential project is located is exceptional in many respects.\r\n<br><br>The close natural environment of the \u017delezn\u00e1 studni\u010dka Forest Park is not the only advantage of our project. There is also a business zone in the immediate vicinity, the importance of which will grow significantly in the near future with the planned expansion projects.   \r\n<br><br><b>Residential housing PRI STUDNI\u010cKE will be surrounded by the most important projects in the field of business, research and innovation that are being prepared in the capital city and will be in the centre of the spectacular transformations of the capital city.<\/b>\r\n\r\n<i data-aos=\"fade-right\" data-aos-offset=\"0\" class=\"p1\"><\/i><i data-aos=\"fade-left\" data-aos-offset=\"0\" class=\"p2\"><\/i>\r\n<em class=\"zdroj\">Source : www.visitbratislava.com<\/em>\r\n<\/div>\r\n\r\n<\/div>\r\n\r\n<div class=\"l_sekcia s_mapka\" id=\"mapa-lokality\">\r\n\r\n<h1 class=\"sekcia-nadpis\" data-aos=\"fade-up\" data-aos-offset=\"0\">Location on the map<\/h1>\r\n\r\n<div id=\"mapka-okolia\">\r\n<div id=\"mapka-holder-all\" data-aos=\"fade-in\" data-aos-offset=\"0\">\r\n\r\n<img decoding=\"async\" class=\"hlavna-mapa\" src=\"https:\/\/pristudnicke.sk\/wp-content\/uploads\/2025\/07\/a.png\">\r\n<div id=\"cisla\">\r\n<i class=\"cislo-1\">1<\/i>\r\n<i class=\"cislo-2\">2<\/i>\r\n<i class=\"cislo-3\">3<\/i>\r\n<i class=\"cislo-4\">4<\/i>\r\n<i class=\"cislo-5\">5<\/i>\r\n<i class=\"cislo-6\">6<\/i>\r\n<i class=\"cislo-7\">7<\/i>\r\n<i class=\"cislo-8\">8<\/i>\r\n<i class=\"cislo-9\">9<\/i>\r\n<i class=\"cislo-10\">10<\/i>\r\n<i class=\"cislo-11\">11<\/i>\r\n<i class=\"cislo-12\">12<\/i>\r\n<i class=\"cislo-13\">13<\/i>\r\n<i class=\"cislo-14\">14<\/i>\r\n<i class=\"cislo-15\">15<\/i>\r\n<i class=\"cislo-16\">16<\/i>\r\n<i class=\"cislo-17\">17<\/i>\r\n<\/div>\r\n<\/div>\r\n<ul id=\"legenda\" data-aos=\"fade-left\" data-aos-offset=\"0\">\r\n\t\t\t\t\t<li data-aos=\"fade-in\" data-aos-delay=\"200\" data-aos-offset=\"0\"><i>1<\/i>Centre for Scientific and Technical Information<\/li>\r\n\t\t\t\t\t<li data-aos=\"fade-in\" data-aos-delay=\"300\" data-aos-offset=\"0\"><i>2<\/i>Ministry of Transport, Construction and Regional Development<\/li>\r\n\t\t\t\t\t<li data-aos=\"fade-in\" data-aos-delay=\"400\" data-aos-offset=\"0\"><i>3<\/i>Research Institute of Utilities<\/li>\r\n\t\t\t\t\t<li data-aos=\"fade-in\" data-aos-delay=\"500\" data-aos-offset=\"0\"><i>4<\/i>Prepared residential zone<\/li>\r\n\t\t\t\t\t<li data-aos=\"fade-in\" data-aos-delay=\"600\" data-aos-offset=\"0\"><i>5<\/i>ESET CAMPUS<\/li>\r\n\t\t\t\t\t<li data-aos=\"fade-in\" data-aos-delay=\"700\" data-aos-offset=\"0\"><i>6<\/i>Kaufland<\/li>\r\n\t\t\t\t\t<li data-aos=\"fade-in\" data-aos-delay=\"800\" data-aos-offset=\"0\"><i>7<\/i>Hospital Kram\u00e1re<\/li>\r\n\t\t\t\t\t<li data-aos=\"fade-in\" data-aos-delay=\"800\" data-aos-offset=\"0\"><i>8<\/i>Gallery Lama\u010d<\/li>\r\n\t\t\t\t\t<li data-aos=\"fade-in\" data-aos-delay=\"800\" data-aos-offset=\"0\"><i>9<\/i>ZOO<\/li>\r\n\t\t\t\t\t<li data-aos=\"fade-in\" data-aos-delay=\"800\" data-aos-offset=\"0\"><i>10<\/i>Sports complex Patr\u00f3nka<\/li>\r\n\t\t\t\t\t<li data-aos=\"fade-in\" data-aos-delay=\"800\" data-aos-offset=\"0\"><i>11<\/i>Nursery<\/li>\r\n\t\t\t\t\t<li data-aos=\"fade-in\" data-aos-delay=\"800\" data-aos-offset=\"0\"><i>12<\/i>Westend Plaza<\/li>\r\n\t\t\t\t\t<li data-aos=\"fade-in\" data-aos-delay=\"800\" data-aos-offset=\"0\"><i>13<\/i>Little Star Nursery<\/li>\r\n\t\t\t\t\t<li data-aos=\"fade-in\" data-aos-delay=\"800\" data-aos-offset=\"0\"><i>14<\/i>Little Big Nursery<\/li>\r\n\t\t\t\t\t<li data-aos=\"fade-in\" data-aos-delay=\"800\" data-aos-offset=\"0\"><i>15<\/i>Public transport stop<\/li>\r\n\t\t\t\t\t<li data-aos=\"fade-in\" data-aos-delay=\"800\" data-aos-offset=\"0\"><i>16<\/i>Public transport stop<\/li>\r\n\t\t\t\t\t<li data-aos=\"fade-in\" data-aos-delay=\"800\" data-aos-offset=\"0\"><i>17<\/i>SAV area<\/li>\r\n\t\t\t\r\n\t\t\t\t\t<\/ul>\r\n\t<\/div>\t\r\n\t\t\r\n<\/div>\r\n\r\n\r\n\r\n\r\n\r\n\r\n\r\n\r\n\r\n\r\n\r\n\r\n\r\n\r\n\r\n\r\n<div class=\"l_sekcia s_priroda\" id=\"priroda\">\r\n\r\n<h1 class=\"sekcia-nadpis\" data-aos=\"fade-up\" data-aos-offset=\"0\">Nature<\/h1>\r\n\r\n\r\n\r\n<div class=\"_r prir-1\">\r\n<div id=\"img\" data-aos=\"fade-left\" data-aos-offset=\"0\"><\/div>\r\n\r\n<div id=\"popis\" data-aos=\"fade-in\" data-aos-offset=\"0\">\r\n<strong>Promenade at the lower lakes<\/strong>\r\n<ul>\r\n\r\n\r\n<li>the planned construction of a promenade walkway, which will also serve as a nature trail<\/li>\r\n\r\n\r\n\r\n<li>new piers and educational elements will be created to introduce visitors to animal and plant life<\/li>\r\n\r\n<li>roads, bicycle racks and new bus stops will be completed<\/li>\r\n\r\n\r\n\r\n<\/ul>\r\n\r\n<i data-aos=\"fade-right\" data-aos-offset=\"0\" class=\"es1\"><\/i><i data-aos=\"fade-left\" data-aos-offset=\"0\" class=\"es2\"><\/i>\r\n<em class=\"zdroj\">Source : www.yimba.sk<\/em>\r\n<\/div>\r\n<\/div>\r\n\r\n\r\n\r\n\r\n\r\n\r\n\r\n<div class=\"_r prir-2\">\r\n\r\n<div id=\"popis\" data-aos=\"fade-in\" data-aos-offset=\"0\">\r\n<strong>Footbridge on \u017delezn\u00e1 Studienka<\/strong>\r\n<ul>\r\n\r\n\r\n\r\n<li>safe barrier-free connection to buses and parking<\/li>\r\n\r\n<li>the footbridge will lead through the trees and will follow the terrain<\/li>\r\n\r\n<li>it will lead to a paved area near the amphitheatre<\/li>\r\n\r\n<li>the material-subtle construction will later be overgrown with ivy<\/li>\r\n\r\n\r\n<\/ul>\r\n\r\n<i data-aos=\"fade-right\" data-aos-offset=\"0\" class=\"es1\"><\/i><i data-aos=\"fade-left\" data-aos-offset=\"0\" class=\"es2\"><\/i>\r\n<em class=\"zdroj\">Source : www.yimba.sk<\/em>\r\n<\/div>\r\n\r\n\r\n<div id=\"img\" data-aos=\"fade-right\" data-aos-offset=\"0\"><\/div>\r\n\r\n<\/div>\r\n\r\n\r\n\r\n\r\n\r\n<div class=\"_r prir-3\">\r\n<div id=\"img\" data-aos=\"fade-left\" data-aos-offset=\"0\"><\/div>\r\n\r\n<div id=\"popis\" data-aos=\"fade-in\" data-aos-offset=\"0\">\r\n<strong>Partiz\u00e1nska meadow and ice rink<\/strong>\r\n<ul>\r\n\r\n\r\n<li>plans are underway to renovate the cafeteria at the amphitheatre<\/li>\r\n\r\n<li>the new gazebo will be circular with similar elements to the Red Bridge<\/li>\r\n\r\n\r\n\r\n<li>an additional element should be an ice rink in the centre of the amphitheatre<\/li>\r\n\r\n<li>the proposal should be implemented in. 2022 &#8211; 2023<\/li>\r\n\r\n\r\n<\/ul>\r\n\r\n<i data-aos=\"fade-right\" data-aos-offset=\"0\" class=\"es1\"><\/i><i data-aos=\"fade-left\" data-aos-offset=\"0\" class=\"es2\"><\/i>\r\n<em class=\"zdroj\">Source : www.mib.sk<\/em>\r\n<\/div>\r\n<\/div>\r\n\r\n\r\n\r\n\r\n<div class=\"_r prir-4\">\r\n\r\n<div id=\"popis\" data-aos=\"fade-in\" data-aos-offset=\"0\">\r\n<strong>Ferdinand&#8217;s Spa<\/strong>\r\n<ul>\r\n\r\n\r\n\r\n<li>planned partial reconstruction of the building with the adjacent Swan Pavilion<\/li>\r\n\r\n<li>should also include a catering service<\/li>\r\n\r\n\r\n\r\n\r\n<\/ul>\r\n\r\n<i data-aos=\"fade-right\" data-aos-offset=\"0\" class=\"es1\"><\/i><i data-aos=\"fade-left\" data-aos-offset=\"0\" class=\"es2\"><\/i>\r\n<em class=\"zdroj\">Source : www.yimba.sk<\/em>\r\n<\/div>\r\n\r\n\r\n<div id=\"img\" data-aos=\"fade-right\" data-aos-offset=\"0\"><\/div>\r\n\r\n<\/div>\r\n\r\n\r\n   \r\n   \r\n   \r\n   \r\n   <div class=\"_r prir-5\">\r\n<div id=\"img\" data-aos=\"fade-left\" data-aos-offset=\"0\"><\/div>\r\n\r\n<div id=\"popis\" data-aos=\"fade-in\" data-aos-offset=\"0\">\r\n<strong>Sne\u017eienka area<\/strong>\r\n<ul>\r\n\r\n\r\n\r\n\r\n<li>excursion facility with restaurant, bicycle rental, reading room and children&#8217;s corner<\/li>\r\n\r\n<li>implementation planned in r. 2022 &#8211; 2023<\/li>\r\n\r\n\r\n\r\n<\/ul>\r\n\r\n<i data-aos=\"fade-right\" data-aos-offset=\"0\" class=\"es1\"><\/i><i data-aos=\"fade-left\" data-aos-offset=\"0\" class=\"es2\"><\/i>\r\n<em class=\"zdroj\">Source : www.asb.sk<\/em>\r\n<\/div>\r\n<\/div>\r\n\r\n\r\n\r\n\r\n\r\n<div class=\"_r prir-6\">\r\n\r\n<div id=\"popis\" data-aos=\"fade-in\" data-aos-offset=\"0\">\r\n<strong>Animal Observatory at the Vydrica stream<\/strong>\r\n<ul>\r\n\r\n\r\n\r\n<li>area on the tourist route around the spring and the Vydrice valley<\/li>\r\n\r\n<li>in the future it should be part of the national nature reserve Pramene Vydrice<\/li>\r\n\r\n\r\n<li>built in r. 2022<\/li>\r\n\r\n\r\n<\/ul>\r\n\r\n<i data-aos=\"fade-right\" data-aos-offset=\"0\" class=\"es1\"><\/i><i data-aos=\"fade-left\" data-aos-offset=\"0\" class=\"es2\"><\/i>\r\n<em class=\"zdroj\">Source : www.mib.sk<\/em>\r\n<\/div>\r\n\r\n\r\n<div id=\"img\" data-aos=\"fade-right\" data-aos-offset=\"0\"><\/div>\r\n\r\n<\/div>\r\n\r\n\r\n\r\n\r\n\r\n\r\n\r\n\r\n\r\n<\/div>\r\n\r\n\r\n\r\n\r\n\r\n\r\n\r\n\r\n\r\n\r\n\r\n\r\n\r\n\r\n\r\n\r\n\r\n\r\n\r\n\r\n\r\n\r\n\r\n\r\n\r\n\r\n\r\n<div class=\"l_sekcia biznis\" id=\"biznis-zona\">\r\n\r\n<h1 class=\"sekcia-nadpis\" data-aos=\"fade-up\" data-aos-offset=\"0\">BUSINESS ZONE<\/h1>\r\n\r\n\r\n\r\n<div class=\"_r eset\">\r\n<div id=\"img\" data-aos=\"fade-left\" data-aos-offset=\"0\"><\/div>\r\n\r\n<div id=\"popis\" data-aos=\"fade-in\" data-aos-offset=\"0\">\r\n<strong>ESET CAMPUS Research Centre<\/strong>\r\n<ul>\r\n<li>It is a <b>new technology centre<\/b> that will attract major\r\nglobal and domestic IT companies to its premises<\/li>\r\n<li>construction is scheduled to start in 2024, opening in 2027<\/li>\r\n<li>the centre will be located on the premises of the former Military Hospital<\/li>\r\n<li>in addition to administrative space, <b>it will provide a wide range of uses for\r\nthe general public<\/b><\/li>\r\n<\/ul>\r\n<i data-aos=\"fade-right\" data-aos-offset=\"0\" class=\"es1\"><\/i><i data-aos=\"fade-left\" data-aos-offset=\"0\" class=\"es2\"><\/i>\r\n<em class=\"zdroj\">Source : www.esetcampus.com<\/em>\r\n<\/div>\r\n<\/div>\r\n\r\n\r\n<div class=\"_r west-end\">\r\n\r\n<div id=\"popis\" data-aos=\"fade-in\" data-aos-offset=\"0\">\r\n<strong>WEST END<\/strong>\r\n<ul>\r\n<li>administrative business centre near Patr\u00f3nka, realized in 2009 &#8211; 2011<\/li>\r\n<\/ul>\r\n<i data-aos=\"fade-right\" data-aos-offset=\"0\" class=\"w1\"><\/i><i data-aos=\"fade-left\" data-aos-offset=\"0\" class=\"w2\"><\/i>\r\n<em class=\"zdroj\">Source : www.westend.sk<\/em>\r\n<\/div>\r\n<div id=\"img\" data-aos=\"fade-left\" data-aos-offset=\"0\"><\/div>\r\n\r\n\r\n<\/div>\r\n\r\n\r\n<div class=\"_r blumenau\">\r\n<div id=\"img\" data-aos=\"fade-right\" data-aos-offset=\"0\"><\/div>\r\n\r\n<div id=\"popis\" data-aos=\"fade-in\" data-aos-offset=\"0\">\r\n<strong>BLUMENAU<\/strong>\r\n\r\n<ul>\r\n<li>Administrative business centre opposite Westend Tower, completed in 2018 &#8211;\r\n2020<\/li>\r\n<\/ul>\r\n<em class=\"zdroj\">Source : www.blumenau.sk<\/em>\r\n<\/div>\r\n<\/div>\r\n\r\n\r\n\r\n<div class=\"_r sav\">\r\n\r\n<div id=\"popis\" data-aos=\"fade-in\" data-aos-offset=\"0\">\r\n<strong>Revitalisation of the SAV area<\/strong>\r\n<ul>\r\n<li>gradual restoration of all parts of the SAV<\/li>\r\n<li><b>cycling routes and pedestrian zones will be added<\/b><\/li>\r\n<\/ul>\r\n<em class=\"zdroj\">Source : www.sav.sk<\/em>\r\n<\/div>\r\n\r\n<div id=\"img\" data-aos=\"fade-left\" data-aos-offset=\"0\"><\/div>\r\n\r\n\r\n<\/div>\r\n\r\n<div class=\"_r rb\">\r\n<div id=\"img\" data-aos=\"fade-right\" data-aos-offset=\"0\"><\/div>\r\n\r\n<div id=\"popis\" data-aos=\"fade-in\" data-aos-offset=\"0\">\r\n<strong>RED BRIDGE 2<\/strong>\r\n<ul>\r\n<li>a new office building to be located on the road to the Iron Well<\/li>\r\n<\/ul>\r\n<em class=\"zdroj\">Source : www.cechvala.com<\/em>\r\n<\/div>\r\n<\/div>\r\n\r\n<div class=\"_r sav\">\r\n\r\n<div id=\"popis\" data-aos=\"fade-in\" data-aos-offset=\"0\">\r\n<strong>Revitalisation of the PATR\u00d3NKA factory<\/strong>\r\n<ul>\r\n<li>in 1871, in the area of today&#8217;s Patr\u00f3nka, Juraj Roth built a factory for patrons<\/li>\r\n<li>a new project is being prepared to restore the banks of the <b>Vydrica<\/b> stream<\/li>\r\n<li>a cultural and creative centre, a school and cycle paths should be built on the site of the former factory  <\/li>\r\n<\/ul>\r\n<em class=\"zdroj\">Source : www.teraz.sk<\/em>\r\n<\/div>\r\n<div id=\"img\" data-aos=\"fade-left\" data-aos-offset=\"0\"><\/div>\r\n\r\n<\/div>\r\n<\/div>\r\n\r\n\r\n\r\n\r\n\r\n\r\n\r\n\r\n\r\n\r\n\r\n\r\n\r\n\r\n\r\n\r\n<a class=\"btn\" href=\"https:\/\/pristudnicke.sk\/en\/offer-of-flats-in-the-project-pri-studnicke\/\">Offer of free apartments<\/a>\r\n\r\n\r\n\r\n\r\n\r\n\r\n\r\n<\/div>\r\n\r\n\r\n\r\n\r\n\r\n\r\n<div id=\"kontakt-pop\" data-aos=\"fade-up\" data-aos-delay=\"900\" data-aos-offset=\"0\">\r\nBook <br>for a video call with a salesperson.<br><a class=\"btn\" href=\"https:\/\/pristudnicke.sk\/en\/online-meet\/\">Book an appointment<\/a>\r\n<\/div>\r\n\r\n\r\n","protected":false},"excerpt":{"rendered":"Nature Business zone Map Nature Business zone Map City and forest in one place The location in which the PRI STUDNI\u010cKE residential project is located is exceptional in many respects. The close natural environment of the \u017delezn\u00e1 studni\u010dka Forest Park is not the only advantage of our project. There is also a business zone in&hellip; <a class=\"more-link\" href=\"https:\/\/pristudnicke.sk\/en\/location-new\/\">Continue reading <span class=\"screen-reader-text\">Location<\/span><\/a>","protected":false},"author":1,"featured_media":0,"parent":0,"menu_order":0,"comment_status":"closed","ping_status":"closed","template":"lokalita.php","meta":{"inline_featured_image":false,"footnotes":""},"class_list":["post-2972","page","type-page","status-publish","hentry","entry"],"acf":[],"yoast_head":"<!-- This site is optimized with the Yoast SEO plugin v19.14 - https:\/\/yoast.com\/wordpress\/plugins\/seo\/ -->\n<title>Location | PRI STUDNI\u010cKE<\/title>\n<meta name=\"robots\" content=\"index, follow, max-snippet:-1, max-image-preview:large, max-video-preview:-1\" \/>\n<link rel=\"canonical\" href=\"https:\/\/pristudnicke.sk\/en\/location-new\/\" \/>\n<meta property=\"og:locale\" content=\"en_US\" \/>\n<meta property=\"og:type\" content=\"article\" \/>\n<meta property=\"og:title\" content=\"Location | PRI STUDNI\u010cKE\" \/>\n<meta property=\"og:description\" content=\"Nature Business zone Map Nature Business zone Map City and forest in one place The location in which the PRI STUDNI\u010cKE residential project is located is exceptional in many respects. The close natural environment of the \u017delezn\u00e1 studni\u010dka Forest Park is not the only advantage of our project. There is also a business zone in&hellip; Continue reading Location\" \/>\n<meta property=\"og:url\" content=\"https:\/\/pristudnicke.sk\/en\/location-new\/\" \/>\n<meta property=\"og:site_name\" content=\"PRI STUDNI\u010cKE\" \/>\n<meta property=\"article:publisher\" content=\"https:\/\/www.facebook.com\/PRI-STUDNIKE-106033625326716\" \/>\n<meta property=\"article:modified_time\" content=\"2025-07-30T12:08:24+00:00\" \/>\n<meta property=\"og:image\" content=\"https:\/\/pristudnicke.sk\/wp-content\/uploads\/2025\/07\/a.png\" \/>\n<meta name=\"twitter:card\" content=\"summary_large_image\" \/>\n<meta name=\"twitter:label1\" content=\"Est. reading time\" \/>\n\t<meta name=\"twitter:data1\" content=\"4 minutes\" \/>\n<script type=\"application\/ld+json\" class=\"yoast-schema-graph\">{\"@context\":\"https:\/\/schema.org\",\"@graph\":[{\"@type\":\"WebPage\",\"@id\":\"https:\/\/pristudnicke.sk\/en\/location-new\/\",\"url\":\"https:\/\/pristudnicke.sk\/en\/location-new\/\",\"name\":\"Location | PRI STUDNI\u010cKE\",\"isPartOf\":{\"@id\":\"https:\/\/pristudnicke.sk\/en\/#website\"},\"datePublished\":\"2022-02-07T10:09:30+00:00\",\"dateModified\":\"2025-07-30T12:08:24+00:00\",\"breadcrumb\":{\"@id\":\"https:\/\/pristudnicke.sk\/en\/location-new\/#breadcrumb\"},\"inLanguage\":\"en-US\",\"potentialAction\":[{\"@type\":\"ReadAction\",\"target\":[\"https:\/\/pristudnicke.sk\/en\/location-new\/\"]}]},{\"@type\":\"BreadcrumbList\",\"@id\":\"https:\/\/pristudnicke.sk\/en\/location-new\/#breadcrumb\",\"itemListElement\":[{\"@type\":\"ListItem\",\"position\":1,\"name\":\"Domovsk\u00e1 str\u00e1nka\",\"item\":\"https:\/\/pristudnicke.sk\/en\/\"},{\"@type\":\"ListItem\",\"position\":2,\"name\":\"Location\"}]},{\"@type\":\"WebSite\",\"@id\":\"https:\/\/pristudnicke.sk\/en\/#website\",\"url\":\"https:\/\/pristudnicke.sk\/en\/\",\"name\":\"PRI STUDNI\u010cKE\",\"description\":\"Predpredaj bytov pri \u017deleznej Studni\u010dke v Bratislave\",\"publisher\":{\"@id\":\"https:\/\/pristudnicke.sk\/en\/#organization\"},\"potentialAction\":[{\"@type\":\"SearchAction\",\"target\":{\"@type\":\"EntryPoint\",\"urlTemplate\":\"https:\/\/pristudnicke.sk\/en\/?s={search_term_string}\"},\"query-input\":\"required name=search_term_string\"}],\"inLanguage\":\"en-US\"},{\"@type\":\"Organization\",\"@id\":\"https:\/\/pristudnicke.sk\/en\/#organization\",\"name\":\"PRISTUDNI\u010cKE\",\"url\":\"https:\/\/pristudnicke.sk\/en\/\",\"logo\":{\"@type\":\"ImageObject\",\"inLanguage\":\"en-US\",\"@id\":\"https:\/\/pristudnicke.sk\/en\/#\/schema\/logo\/image\/\",\"url\":\"https:\/\/pristudnicke.sk\/wp-content\/uploads\/2021\/09\/logo1.svg\",\"contentUrl\":\"https:\/\/pristudnicke.sk\/wp-content\/uploads\/2021\/09\/logo1.svg\",\"width\":\"1024\",\"height\":\"1024\",\"caption\":\"PRISTUDNI\u010cKE\"},\"image\":{\"@id\":\"https:\/\/pristudnicke.sk\/en\/#\/schema\/logo\/image\/\"},\"sameAs\":[\"https:\/\/www.facebook.com\/PRI-STUDNIKE-106033625326716\"]}]}<\/script>\n<!-- \/ Yoast SEO plugin. -->","yoast_head_json":{"title":"Location | PRI STUDNI\u010cKE","robots":{"index":"index","follow":"follow","max-snippet":"max-snippet:-1","max-image-preview":"max-image-preview:large","max-video-preview":"max-video-preview:-1"},"canonical":"https:\/\/pristudnicke.sk\/en\/location-new\/","og_locale":"en_US","og_type":"article","og_title":"Location | PRI STUDNI\u010cKE","og_description":"Nature Business zone Map Nature Business zone Map City and forest in one place The location in which the PRI STUDNI\u010cKE residential project is located is exceptional in many respects. The close natural environment of the \u017delezn\u00e1 studni\u010dka Forest Park is not the only advantage of our project. There is also a business zone in&hellip; Continue reading Location","og_url":"https:\/\/pristudnicke.sk\/en\/location-new\/","og_site_name":"PRI STUDNI\u010cKE","article_publisher":"https:\/\/www.facebook.com\/PRI-STUDNIKE-106033625326716","article_modified_time":"2025-07-30T12:08:24+00:00","og_image":[{"url":"https:\/\/pristudnicke.sk\/wp-content\/uploads\/2025\/07\/a.png"}],"twitter_card":"summary_large_image","twitter_misc":{"Est. reading time":"4 minutes"},"schema":{"@context":"https:\/\/schema.org","@graph":[{"@type":"WebPage","@id":"https:\/\/pristudnicke.sk\/en\/location-new\/","url":"https:\/\/pristudnicke.sk\/en\/location-new\/","name":"Location | PRI STUDNI\u010cKE","isPartOf":{"@id":"https:\/\/pristudnicke.sk\/en\/#website"},"datePublished":"2022-02-07T10:09:30+00:00","dateModified":"2025-07-30T12:08:24+00:00","breadcrumb":{"@id":"https:\/\/pristudnicke.sk\/en\/location-new\/#breadcrumb"},"inLanguage":"en-US","potentialAction":[{"@type":"ReadAction","target":["https:\/\/pristudnicke.sk\/en\/location-new\/"]}]},{"@type":"BreadcrumbList","@id":"https:\/\/pristudnicke.sk\/en\/location-new\/#breadcrumb","itemListElement":[{"@type":"ListItem","position":1,"name":"Domovsk\u00e1 str\u00e1nka","item":"https:\/\/pristudnicke.sk\/en\/"},{"@type":"ListItem","position":2,"name":"Location"}]},{"@type":"WebSite","@id":"https:\/\/pristudnicke.sk\/en\/#website","url":"https:\/\/pristudnicke.sk\/en\/","name":"PRI STUDNI\u010cKE","description":"Predpredaj bytov pri \u017deleznej Studni\u010dke v Bratislave","publisher":{"@id":"https:\/\/pristudnicke.sk\/en\/#organization"},"potentialAction":[{"@type":"SearchAction","target":{"@type":"EntryPoint","urlTemplate":"https:\/\/pristudnicke.sk\/en\/?s={search_term_string}"},"query-input":"required name=search_term_string"}],"inLanguage":"en-US"},{"@type":"Organization","@id":"https:\/\/pristudnicke.sk\/en\/#organization","name":"PRISTUDNI\u010cKE","url":"https:\/\/pristudnicke.sk\/en\/","logo":{"@type":"ImageObject","inLanguage":"en-US","@id":"https:\/\/pristudnicke.sk\/en\/#\/schema\/logo\/image\/","url":"https:\/\/pristudnicke.sk\/wp-content\/uploads\/2021\/09\/logo1.svg","contentUrl":"https:\/\/pristudnicke.sk\/wp-content\/uploads\/2021\/09\/logo1.svg","width":"1024","height":"1024","caption":"PRISTUDNI\u010cKE"},"image":{"@id":"https:\/\/pristudnicke.sk\/en\/#\/schema\/logo\/image\/"},"sameAs":["https:\/\/www.facebook.com\/PRI-STUDNIKE-106033625326716"]}]}},"_links":{"self":[{"href":"https:\/\/pristudnicke.sk\/en\/wp-json\/wp\/v2\/pages\/2972","targetHints":{"allow":["GET"]}}],"collection":[{"href":"https:\/\/pristudnicke.sk\/en\/wp-json\/wp\/v2\/pages"}],"about":[{"href":"https:\/\/pristudnicke.sk\/en\/wp-json\/wp\/v2\/types\/page"}],"author":[{"embeddable":true,"href":"https:\/\/pristudnicke.sk\/en\/wp-json\/wp\/v2\/users\/1"}],"replies":[{"embeddable":true,"href":"https:\/\/pristudnicke.sk\/en\/wp-json\/wp\/v2\/comments?post=2972"}],"version-history":[{"count":5,"href":"https:\/\/pristudnicke.sk\/en\/wp-json\/wp\/v2\/pages\/2972\/revisions"}],"predecessor-version":[{"id":3122,"href":"https:\/\/pristudnicke.sk\/en\/wp-json\/wp\/v2\/pages\/2972\/revisions\/3122"}],"wp:attachment":[{"href":"https:\/\/pristudnicke.sk\/en\/wp-json\/wp\/v2\/media?parent=2972"}],"curies":[{"name":"wp","href":"https:\/\/api.w.org\/{rel}","templated":true}]}}