{"id":2970,"date":"2021-10-12T08:53:31","date_gmt":"2021-10-12T06:53:31","guid":{"rendered":"https:\/\/pristudnicke.sk\/online-meet\/"},"modified":"2021-10-12T08:53:31","modified_gmt":"2021-10-12T06:53:31","slug":"online-meet","status":"publish","type":"page","link":"https:\/\/pristudnicke.sk\/en\/online-meet\/","title":{"rendered":"online-meet"},"content":{"rendered":"<div class=\"bottom\">\n\n<div class=\"left\" data-aos=\"fade-right\">\n<h2>Book\nfor a video call<\/h2>\n\n<div class=\"wpcf7 no-js\" id=\"wpcf7-f2937-o1\" lang=\"en-US\" dir=\"ltr\" data-wpcf7-id=\"2937\">\n<div class=\"screen-reader-response\"><p role=\"status\" aria-live=\"polite\" aria-atomic=\"true\"><\/p> <ul><\/ul><\/div>\n<form action=\"\/en\/wp-json\/wp\/v2\/pages\/2970#wpcf7-f2937-o1\" method=\"post\" class=\"wpcf7-form init\" aria-label=\"Contact form\" novalidate=\"novalidate\" data-status=\"init\">\n<fieldset class=\"hidden-fields-container\"><input type=\"hidden\" name=\"_wpcf7\" value=\"2937\" \/><input type=\"hidden\" name=\"_wpcf7_version\" value=\"6.1\" \/><input type=\"hidden\" name=\"_wpcf7_locale\" value=\"en_US\" \/><input type=\"hidden\" name=\"_wpcf7_unit_tag\" value=\"wpcf7-f2937-o1\" \/><input type=\"hidden\" name=\"_wpcf7_container_post\" value=\"0\" \/><input type=\"hidden\" name=\"_wpcf7_posted_data_hash\" value=\"\" \/><input type=\"hidden\" name=\"_wpcf7_recaptcha_response\" value=\"\" \/>\n<\/fieldset>\n<p><label><br \/>\n<span class=\"pp red\">Choose a date for a video call<\/span><br \/>\n<span class=\"wpcf7-form-control-wrap\" data-name=\"date-458\"><input class=\"wpcf7-form-control wpcf7-date wpcf7-validates-as-required wpcf7-validates-as-date\" aria-required=\"true\" aria-invalid=\"false\" value=\"\" type=\"date\" name=\"date-458\" \/><\/span><br \/>\n<\/label>\n<\/p>\n<p><label><br \/>\n<span class=\"pp\">Time that suits you<\/span><br \/>\n<span class=\"wpcf7-form-control-wrap\" data-name=\"your-time\"><input size=\"40\" maxlength=\"400\" class=\"wpcf7-form-control wpcf7-text wpcf7-validates-as-required\" aria-required=\"true\" aria-invalid=\"false\" placeholder=\"Time that suits you\" value=\"\" type=\"text\" name=\"your-time\" \/><\/span> <\/label>\n<\/p>\n<p><label><br \/>\n<span class=\"pp\">Contact email<\/span><br \/>\n<span class=\"wpcf7-form-control-wrap\" data-name=\"your-email\"><input size=\"40\" maxlength=\"400\" class=\"wpcf7-form-control wpcf7-email wpcf7-validates-as-required wpcf7-text wpcf7-validates-as-email\" aria-required=\"true\" aria-invalid=\"false\" placeholder=\"Contact email\" value=\"\" type=\"email\" name=\"your-email\" \/><\/span> <\/label>\n<\/p>\n<p><label><br \/>\n<span class=\"pp\">Space for additional information<\/span><br \/>\n<span class=\"wpcf7-form-control-wrap\" data-name=\"your-message\"><textarea cols=\"40\" rows=\"10\" maxlength=\"2000\" class=\"wpcf7-form-control wpcf7-textarea\" aria-invalid=\"false\" placeholder=\"Space for additional information\" name=\"your-message\"><\/textarea><\/span> <\/label>\n<\/p>\n<span class=\"wpcf7-form-control-wrap recaptcha\" data-name=\"recaptcha\"><span data-sitekey=\"6Lf8ZJUrAAAAAOLsYjAPaqso0X_ua_UY2S_NfB0F\" class=\"wpcf7-form-control wpcf7-recaptcha g-recaptcha\"><\/span>\r\n<noscript>\r\n\t<div class=\"grecaptcha-noscript\">\r\n\t\t<iframe loading=\"lazy\" src=\"https:\/\/www.google.com\/recaptcha\/api\/fallback?k=6Lf8ZJUrAAAAAOLsYjAPaqso0X_ua_UY2S_NfB0F\" frameborder=\"0\" scrolling=\"no\" width=\"310\" height=\"430\">\r\n\t\t<\/iframe>\r\n\t\t<textarea name=\"g-recaptcha-response\" rows=\"3\" cols=\"40\" placeholder=\"reCaptcha Response Here\">\r\n\t\t<\/textarea>\r\n\t<\/div>\r\n<\/noscript>\r\n<\/span>\n<p><input class=\"wpcf7-form-control wpcf7-submit has-spinner\" type=\"submit\" value=\"Send\" \/>\n<\/p>\n<p class=\"notice\">We process the personal data sent for the purpose of processing your request. More <a href=\"https:\/\/pristudnicke.sk\/wp-content\/uploads\/2023\/09\/zasady-ochrany-osobnych-udajov-na-web.pdf\">Privacy Policy<\/a>.\n<\/p><p style=\"display: none !important;\" class=\"akismet-fields-container\" data-prefix=\"_wpcf7_ak_\"><label>&#916;<textarea name=\"_wpcf7_ak_hp_textarea\" cols=\"45\" rows=\"8\" maxlength=\"100\"><\/textarea><\/label><input type=\"hidden\" id=\"ak_js_1\" name=\"_wpcf7_ak_js\" value=\"6\"\/><script>document.getElementById( \"ak_js_1\" ).setAttribute( \"value\", ( new Date() ).getTime() );<\/script><\/p><div class=\"wpcf7-response-output\" aria-hidden=\"true\"><\/div>\n<\/form>\n<\/div>\n\n<\/div>\n\n\n<div class=\"right konatel\" data-aos=\"fade-left\">\n\n\n\n\n\n<h2>Seller<\/h2>\n<p>If you have any questions, please do not hesitate to contact us. We will be happy to tell you more.\n<strong>PhDr. Eva Vold\u0159ichov\u00e1<\/strong>\n<a href=\"tel:+421%20948%2045%2045%2045\">+421 948 45 45 45<\/a>\n<a href=\"mailto:predaj@pristudnicke.sk\">predaj@pristudnicke.sk<\/a>\n<\/p>\n<\/div>\n\n\n\n<\/div>","protected":false},"excerpt":{"rendered":"Book for a video call Seller If you have any questions, please do not hesitate to contact us. We will be happy to tell you more. PhDr. Eva Vold\u0159ichov\u00e1 +421 948 45 45 45 predaj@pristudnicke.sk","protected":false},"author":1,"featured_media":0,"parent":0,"menu_order":0,"comment_status":"closed","ping_status":"closed","template":"template-page-1.php","meta":{"inline_featured_image":false,"footnotes":""},"class_list":["post-2970","page","type-page","status-publish","hentry","entry"],"acf":[],"yoast_head":"<!-- This site is optimized with the Yoast SEO plugin v19.14 - https:\/\/yoast.com\/wordpress\/plugins\/seo\/ -->\n<title>online-meet | PRI STUDNI\u010cKE<\/title>\n<meta name=\"robots\" content=\"index, follow, max-snippet:-1, max-image-preview:large, max-video-preview:-1\" \/>\n<link rel=\"canonical\" href=\"https:\/\/pristudnicke.sk\/en\/online-meet\/\" \/>\n<meta property=\"og:locale\" content=\"en_US\" \/>\n<meta property=\"og:type\" content=\"article\" \/>\n<meta property=\"og:title\" content=\"online-meet | PRI STUDNI\u010cKE\" \/>\n<meta property=\"og:description\" content=\"Book for a video call Seller If you have any questions, please do not hesitate to contact us. We will be happy to tell you more. PhDr. Eva Vold\u0159ichov\u00e1 +421 948 45 45 45 predaj@pristudnicke.sk\" \/>\n<meta property=\"og:url\" content=\"https:\/\/pristudnicke.sk\/en\/online-meet\/\" \/>\n<meta property=\"og:site_name\" content=\"PRI STUDNI\u010cKE\" \/>\n<meta property=\"article:publisher\" content=\"https:\/\/www.facebook.com\/PRI-STUDNIKE-106033625326716\" \/>\n<meta name=\"twitter:card\" content=\"summary_large_image\" \/>\n<script type=\"application\/ld+json\" class=\"yoast-schema-graph\">{\"@context\":\"https:\/\/schema.org\",\"@graph\":[{\"@type\":\"WebPage\",\"@id\":\"https:\/\/pristudnicke.sk\/en\/online-meet\/\",\"url\":\"https:\/\/pristudnicke.sk\/en\/online-meet\/\",\"name\":\"online-meet | PRI STUDNI\u010cKE\",\"isPartOf\":{\"@id\":\"https:\/\/pristudnicke.sk\/en\/#website\"},\"datePublished\":\"2021-10-12T06:53:31+00:00\",\"dateModified\":\"2021-10-12T06:53:31+00:00\",\"breadcrumb\":{\"@id\":\"https:\/\/pristudnicke.sk\/en\/online-meet\/#breadcrumb\"},\"inLanguage\":\"en-US\",\"potentialAction\":[{\"@type\":\"ReadAction\",\"target\":[\"https:\/\/pristudnicke.sk\/en\/online-meet\/\"]}]},{\"@type\":\"BreadcrumbList\",\"@id\":\"https:\/\/pristudnicke.sk\/en\/online-meet\/#breadcrumb\",\"itemListElement\":[{\"@type\":\"ListItem\",\"position\":1,\"name\":\"Domovsk\u00e1 str\u00e1nka\",\"item\":\"https:\/\/pristudnicke.sk\/en\/\"},{\"@type\":\"ListItem\",\"position\":2,\"name\":\"online-meet\"}]},{\"@type\":\"WebSite\",\"@id\":\"https:\/\/pristudnicke.sk\/en\/#website\",\"url\":\"https:\/\/pristudnicke.sk\/en\/\",\"name\":\"PRI STUDNI\u010cKE\",\"description\":\"Predpredaj bytov pri \u017deleznej Studni\u010dke v Bratislave\",\"publisher\":{\"@id\":\"https:\/\/pristudnicke.sk\/en\/#organization\"},\"potentialAction\":[{\"@type\":\"SearchAction\",\"target\":{\"@type\":\"EntryPoint\",\"urlTemplate\":\"https:\/\/pristudnicke.sk\/en\/?s={search_term_string}\"},\"query-input\":\"required name=search_term_string\"}],\"inLanguage\":\"en-US\"},{\"@type\":\"Organization\",\"@id\":\"https:\/\/pristudnicke.sk\/en\/#organization\",\"name\":\"PRISTUDNI\u010cKE\",\"url\":\"https:\/\/pristudnicke.sk\/en\/\",\"logo\":{\"@type\":\"ImageObject\",\"inLanguage\":\"en-US\",\"@id\":\"https:\/\/pristudnicke.sk\/en\/#\/schema\/logo\/image\/\",\"url\":\"https:\/\/pristudnicke.sk\/wp-content\/uploads\/2021\/09\/logo1.svg\",\"contentUrl\":\"https:\/\/pristudnicke.sk\/wp-content\/uploads\/2021\/09\/logo1.svg\",\"width\":\"1024\",\"height\":\"1024\",\"caption\":\"PRISTUDNI\u010cKE\"},\"image\":{\"@id\":\"https:\/\/pristudnicke.sk\/en\/#\/schema\/logo\/image\/\"},\"sameAs\":[\"https:\/\/www.facebook.com\/PRI-STUDNIKE-106033625326716\"]}]}<\/script>\n<!-- \/ Yoast SEO plugin. -->","yoast_head_json":{"title":"online-meet | PRI STUDNI\u010cKE","robots":{"index":"index","follow":"follow","max-snippet":"max-snippet:-1","max-image-preview":"max-image-preview:large","max-video-preview":"max-video-preview:-1"},"canonical":"https:\/\/pristudnicke.sk\/en\/online-meet\/","og_locale":"en_US","og_type":"article","og_title":"online-meet | PRI STUDNI\u010cKE","og_description":"Book for a video call Seller If you have any questions, please do not hesitate to contact us. We will be happy to tell you more. PhDr. Eva Vold\u0159ichov\u00e1 +421 948 45 45 45 predaj@pristudnicke.sk","og_url":"https:\/\/pristudnicke.sk\/en\/online-meet\/","og_site_name":"PRI STUDNI\u010cKE","article_publisher":"https:\/\/www.facebook.com\/PRI-STUDNIKE-106033625326716","twitter_card":"summary_large_image","schema":{"@context":"https:\/\/schema.org","@graph":[{"@type":"WebPage","@id":"https:\/\/pristudnicke.sk\/en\/online-meet\/","url":"https:\/\/pristudnicke.sk\/en\/online-meet\/","name":"online-meet | PRI STUDNI\u010cKE","isPartOf":{"@id":"https:\/\/pristudnicke.sk\/en\/#website"},"datePublished":"2021-10-12T06:53:31+00:00","dateModified":"2021-10-12T06:53:31+00:00","breadcrumb":{"@id":"https:\/\/pristudnicke.sk\/en\/online-meet\/#breadcrumb"},"inLanguage":"en-US","potentialAction":[{"@type":"ReadAction","target":["https:\/\/pristudnicke.sk\/en\/online-meet\/"]}]},{"@type":"BreadcrumbList","@id":"https:\/\/pristudnicke.sk\/en\/online-meet\/#breadcrumb","itemListElement":[{"@type":"ListItem","position":1,"name":"Domovsk\u00e1 str\u00e1nka","item":"https:\/\/pristudnicke.sk\/en\/"},{"@type":"ListItem","position":2,"name":"online-meet"}]},{"@type":"WebSite","@id":"https:\/\/pristudnicke.sk\/en\/#website","url":"https:\/\/pristudnicke.sk\/en\/","name":"PRI STUDNI\u010cKE","description":"Predpredaj bytov pri \u017deleznej Studni\u010dke v Bratislave","publisher":{"@id":"https:\/\/pristudnicke.sk\/en\/#organization"},"potentialAction":[{"@type":"SearchAction","target":{"@type":"EntryPoint","urlTemplate":"https:\/\/pristudnicke.sk\/en\/?s={search_term_string}"},"query-input":"required name=search_term_string"}],"inLanguage":"en-US"},{"@type":"Organization","@id":"https:\/\/pristudnicke.sk\/en\/#organization","name":"PRISTUDNI\u010cKE","url":"https:\/\/pristudnicke.sk\/en\/","logo":{"@type":"ImageObject","inLanguage":"en-US","@id":"https:\/\/pristudnicke.sk\/en\/#\/schema\/logo\/image\/","url":"https:\/\/pristudnicke.sk\/wp-content\/uploads\/2021\/09\/logo1.svg","contentUrl":"https:\/\/pristudnicke.sk\/wp-content\/uploads\/2021\/09\/logo1.svg","width":"1024","height":"1024","caption":"PRISTUDNI\u010cKE"},"image":{"@id":"https:\/\/pristudnicke.sk\/en\/#\/schema\/logo\/image\/"},"sameAs":["https:\/\/www.facebook.com\/PRI-STUDNIKE-106033625326716"]}]}},"_links":{"self":[{"href":"https:\/\/pristudnicke.sk\/en\/wp-json\/wp\/v2\/pages\/2970","targetHints":{"allow":["GET"]}}],"collection":[{"href":"https:\/\/pristudnicke.sk\/en\/wp-json\/wp\/v2\/pages"}],"about":[{"href":"https:\/\/pristudnicke.sk\/en\/wp-json\/wp\/v2\/types\/page"}],"author":[{"embeddable":true,"href":"https:\/\/pristudnicke.sk\/en\/wp-json\/wp\/v2\/users\/1"}],"replies":[{"embeddable":true,"href":"https:\/\/pristudnicke.sk\/en\/wp-json\/wp\/v2\/comments?post=2970"}],"version-history":[{"count":0,"href":"https:\/\/pristudnicke.sk\/en\/wp-json\/wp\/v2\/pages\/2970\/revisions"}],"wp:attachment":[{"href":"https:\/\/pristudnicke.sk\/en\/wp-json\/wp\/v2\/media?parent=2970"}],"curies":[{"name":"wp","href":"https:\/\/api.w.org\/{rel}","templated":true}]}}