{"id":2969,"date":"2023-01-22T11:34:46","date_gmt":"2023-01-22T10:34:46","guid":{"rendered":"https:\/\/pristudnicke.sk\/offer-of-flats-in-the-project-pri-studnicke\/"},"modified":"2025-07-30T09:07:52","modified_gmt":"2025-07-30T07:07:52","slug":"offer-of-flats-in-the-project-pri-studnicke","status":"publish","type":"page","link":"https:\/\/pristudnicke.sk\/en\/offer-of-flats-in-the-project-pri-studnicke\/","title":{"rendered":"Apartments for Sale"},"content":{"rendered":"","protected":false},"excerpt":{"rendered":"","protected":false},"author":1,"featured_media":2466,"parent":0,"menu_order":0,"comment_status":"closed","ping_status":"closed","template":"template-page-3.php","meta":{"inline_featured_image":false,"footnotes":""},"class_list":["post-2969","page","type-page","status-publish","has-post-thumbnail","hentry","entry"],"acf":[],"yoast_head":"<!-- This site is optimized with the Yoast SEO plugin v19.14 - https:\/\/yoast.com\/wordpress\/plugins\/seo\/ -->\n<title>Apartments for Sale | PRI STUDNI\u010cKE<\/title>\n<meta name=\"robots\" content=\"index, follow, max-snippet:-1, max-image-preview:large, max-video-preview:-1\" \/>\n<link rel=\"canonical\" href=\"https:\/\/pristudnicke.sk\/en\/offer-of-flats-in-the-project-pri-studnicke\/\" \/>\n<meta property=\"og:locale\" content=\"en_US\" \/>\n<meta property=\"og:type\" content=\"article\" \/>\n<meta property=\"og:title\" content=\"Apartments for Sale | PRI STUDNI\u010cKE\" \/>\n<meta property=\"og:url\" content=\"https:\/\/pristudnicke.sk\/en\/offer-of-flats-in-the-project-pri-studnicke\/\" \/>\n<meta property=\"og:site_name\" content=\"PRI STUDNI\u010cKE\" \/>\n<meta property=\"article:publisher\" content=\"https:\/\/www.facebook.com\/PRI-STUDNIKE-106033625326716\" \/>\n<meta property=\"article:modified_time\" content=\"2025-07-30T07:07:52+00:00\" \/>\n<meta property=\"og:image\" content=\"https:\/\/pristudnicke.sk\/wp-content\/uploads\/2021\/09\/01-pri-studnicke.jpg\" \/>\n\t<meta property=\"og:image:width\" content=\"2300\" \/>\n\t<meta property=\"og:image:height\" content=\"1294\" \/>\n\t<meta property=\"og:image:type\" content=\"image\/jpeg\" \/>\n<meta name=\"twitter:card\" content=\"summary_large_image\" \/>\n<script type=\"application\/ld+json\" class=\"yoast-schema-graph\">{\"@context\":\"https:\/\/schema.org\",\"@graph\":[{\"@type\":\"WebPage\",\"@id\":\"https:\/\/pristudnicke.sk\/en\/offer-of-flats-in-the-project-pri-studnicke\/\",\"url\":\"https:\/\/pristudnicke.sk\/en\/offer-of-flats-in-the-project-pri-studnicke\/\",\"name\":\"Apartments for Sale | PRI STUDNI\u010cKE\",\"isPartOf\":{\"@id\":\"https:\/\/pristudnicke.sk\/en\/#website\"},\"datePublished\":\"2023-01-22T10:34:46+00:00\",\"dateModified\":\"2025-07-30T07:07:52+00:00\",\"breadcrumb\":{\"@id\":\"https:\/\/pristudnicke.sk\/en\/offer-of-flats-in-the-project-pri-studnicke\/#breadcrumb\"},\"inLanguage\":\"en-US\",\"potentialAction\":[{\"@type\":\"ReadAction\",\"target\":[\"https:\/\/pristudnicke.sk\/en\/offer-of-flats-in-the-project-pri-studnicke\/\"]}]},{\"@type\":\"BreadcrumbList\",\"@id\":\"https:\/\/pristudnicke.sk\/en\/offer-of-flats-in-the-project-pri-studnicke\/#breadcrumb\",\"itemListElement\":[{\"@type\":\"ListItem\",\"position\":1,\"name\":\"Domovsk\u00e1 str\u00e1nka\",\"item\":\"https:\/\/pristudnicke.sk\/en\/\"},{\"@type\":\"ListItem\",\"position\":2,\"name\":\"Apartments for Sale\"}]},{\"@type\":\"WebSite\",\"@id\":\"https:\/\/pristudnicke.sk\/en\/#website\",\"url\":\"https:\/\/pristudnicke.sk\/en\/\",\"name\":\"PRI STUDNI\u010cKE\",\"description\":\"Predpredaj bytov pri \u017deleznej Studni\u010dke v Bratislave\",\"publisher\":{\"@id\":\"https:\/\/pristudnicke.sk\/en\/#organization\"},\"potentialAction\":[{\"@type\":\"SearchAction\",\"target\":{\"@type\":\"EntryPoint\",\"urlTemplate\":\"https:\/\/pristudnicke.sk\/en\/?s={search_term_string}\"},\"query-input\":\"required name=search_term_string\"}],\"inLanguage\":\"en-US\"},{\"@type\":\"Organization\",\"@id\":\"https:\/\/pristudnicke.sk\/en\/#organization\",\"name\":\"PRISTUDNI\u010cKE\",\"url\":\"https:\/\/pristudnicke.sk\/en\/\",\"logo\":{\"@type\":\"ImageObject\",\"inLanguage\":\"en-US\",\"@id\":\"https:\/\/pristudnicke.sk\/en\/#\/schema\/logo\/image\/\",\"url\":\"https:\/\/pristudnicke.sk\/wp-content\/uploads\/2021\/09\/logo1.svg\",\"contentUrl\":\"https:\/\/pristudnicke.sk\/wp-content\/uploads\/2021\/09\/logo1.svg\",\"width\":\"1024\",\"height\":\"1024\",\"caption\":\"PRISTUDNI\u010cKE\"},\"image\":{\"@id\":\"https:\/\/pristudnicke.sk\/en\/#\/schema\/logo\/image\/\"},\"sameAs\":[\"https:\/\/www.facebook.com\/PRI-STUDNIKE-106033625326716\"]}]}<\/script>\n<!-- \/ Yoast SEO plugin. -->","yoast_head_json":{"title":"Apartments for Sale | PRI STUDNI\u010cKE","robots":{"index":"index","follow":"follow","max-snippet":"max-snippet:-1","max-image-preview":"max-image-preview:large","max-video-preview":"max-video-preview:-1"},"canonical":"https:\/\/pristudnicke.sk\/en\/offer-of-flats-in-the-project-pri-studnicke\/","og_locale":"en_US","og_type":"article","og_title":"Apartments for Sale | PRI STUDNI\u010cKE","og_url":"https:\/\/pristudnicke.sk\/en\/offer-of-flats-in-the-project-pri-studnicke\/","og_site_name":"PRI STUDNI\u010cKE","article_publisher":"https:\/\/www.facebook.com\/PRI-STUDNIKE-106033625326716","article_modified_time":"2025-07-30T07:07:52+00:00","og_image":[{"width":2300,"height":1294,"url":"https:\/\/pristudnicke.sk\/wp-content\/uploads\/2021\/09\/01-pri-studnicke.jpg","type":"image\/jpeg"}],"twitter_card":"summary_large_image","schema":{"@context":"https:\/\/schema.org","@graph":[{"@type":"WebPage","@id":"https:\/\/pristudnicke.sk\/en\/offer-of-flats-in-the-project-pri-studnicke\/","url":"https:\/\/pristudnicke.sk\/en\/offer-of-flats-in-the-project-pri-studnicke\/","name":"Apartments for Sale | PRI STUDNI\u010cKE","isPartOf":{"@id":"https:\/\/pristudnicke.sk\/en\/#website"},"datePublished":"2023-01-22T10:34:46+00:00","dateModified":"2025-07-30T07:07:52+00:00","breadcrumb":{"@id":"https:\/\/pristudnicke.sk\/en\/offer-of-flats-in-the-project-pri-studnicke\/#breadcrumb"},"inLanguage":"en-US","potentialAction":[{"@type":"ReadAction","target":["https:\/\/pristudnicke.sk\/en\/offer-of-flats-in-the-project-pri-studnicke\/"]}]},{"@type":"BreadcrumbList","@id":"https:\/\/pristudnicke.sk\/en\/offer-of-flats-in-the-project-pri-studnicke\/#breadcrumb","itemListElement":[{"@type":"ListItem","position":1,"name":"Domovsk\u00e1 str\u00e1nka","item":"https:\/\/pristudnicke.sk\/en\/"},{"@type":"ListItem","position":2,"name":"Apartments for Sale"}]},{"@type":"WebSite","@id":"https:\/\/pristudnicke.sk\/en\/#website","url":"https:\/\/pristudnicke.sk\/en\/","name":"PRI STUDNI\u010cKE","description":"Predpredaj bytov pri \u017deleznej Studni\u010dke v Bratislave","publisher":{"@id":"https:\/\/pristudnicke.sk\/en\/#organization"},"potentialAction":[{"@type":"SearchAction","target":{"@type":"EntryPoint","urlTemplate":"https:\/\/pristudnicke.sk\/en\/?s={search_term_string}"},"query-input":"required name=search_term_string"}],"inLanguage":"en-US"},{"@type":"Organization","@id":"https:\/\/pristudnicke.sk\/en\/#organization","name":"PRISTUDNI\u010cKE","url":"https:\/\/pristudnicke.sk\/en\/","logo":{"@type":"ImageObject","inLanguage":"en-US","@id":"https:\/\/pristudnicke.sk\/en\/#\/schema\/logo\/image\/","url":"https:\/\/pristudnicke.sk\/wp-content\/uploads\/2021\/09\/logo1.svg","contentUrl":"https:\/\/pristudnicke.sk\/wp-content\/uploads\/2021\/09\/logo1.svg","width":"1024","height":"1024","caption":"PRISTUDNI\u010cKE"},"image":{"@id":"https:\/\/pristudnicke.sk\/en\/#\/schema\/logo\/image\/"},"sameAs":["https:\/\/www.facebook.com\/PRI-STUDNIKE-106033625326716"]}]}},"_links":{"self":[{"href":"https:\/\/pristudnicke.sk\/en\/wp-json\/wp\/v2\/pages\/2969","targetHints":{"allow":["GET"]}}],"collection":[{"href":"https:\/\/pristudnicke.sk\/en\/wp-json\/wp\/v2\/pages"}],"about":[{"href":"https:\/\/pristudnicke.sk\/en\/wp-json\/wp\/v2\/types\/page"}],"author":[{"embeddable":true,"href":"https:\/\/pristudnicke.sk\/en\/wp-json\/wp\/v2\/users\/1"}],"replies":[{"embeddable":true,"href":"https:\/\/pristudnicke.sk\/en\/wp-json\/wp\/v2\/comments?post=2969"}],"version-history":[{"count":3,"href":"https:\/\/pristudnicke.sk\/en\/wp-json\/wp\/v2\/pages\/2969\/revisions"}],"predecessor-version":[{"id":3112,"href":"https:\/\/pristudnicke.sk\/en\/wp-json\/wp\/v2\/pages\/2969\/revisions\/3112"}],"wp:featuredmedia":[{"embeddable":true,"href":"https:\/\/pristudnicke.sk\/en\/wp-json\/wp\/v2\/media\/2466"}],"wp:attachment":[{"href":"https:\/\/pristudnicke.sk\/en\/wp-json\/wp\/v2\/media?parent=2969"}],"curies":[{"name":"wp","href":"https:\/\/api.w.org\/{rel}","templated":true}]}}