{"id":2962,"date":"2021-12-06T11:01:16","date_gmt":"2021-12-06T10:01:16","guid":{"rendered":"https:\/\/pristudnicke.sk\/funding\/"},"modified":"2025-07-29T20:29:46","modified_gmt":"2025-07-29T18:29:46","slug":"funding","status":"publish","type":"page","link":"https:\/\/pristudnicke.sk\/en\/funding\/","title":{"rendered":"Financing"},"content":{"rendered":"<div id=\"financovanie\">\r\n\r\n\r\n<h2 data-aos=\"fade-in\">Financing the purchase of an apartment, standard terms:<\/h2>\r\n\r\n<ul data-aos=\"fade-in\">\r\n<br><br><li><b>20% of the purchase price<\/b> &#8211; payable upon signing of the Future Contract<\/li>\r\n\r\n<li><b>80% of the purchase price<\/b> &#8211; after approval  <\/li>\r\n<\/ul>\r\n\r\n \r\n\r\n<p data-aos=\"fade-in\">We will be happy to provide you with a free and carefree real estate financing solution directly with us through our experienced financial partner, COMFORT FINANCE.<\/p>\r\n\r\n\r\n<h2 data-aos=\"fade-in\">Comfortable financing of your property<\/h2>\r\n\r\n\r\n\r\n<p data-aos=\"fade-in\">\r\nWhether you&#8217;re looking for a comfortable home or an investment opportunity, our financial specialist will make your decision much easier. He or she will advise you on how large an apartment you can comfortably afford or calculate the total return on your investment. He or she will compare bank offers and together you will choose the most advantageous solution. Are you wondering for how long to fix the interest or how much you will reimburse the bank in the end? Is it worth taking out a mortgage for a shorter or longer period, or even getting rid of it earlier by investing? Our financial specialist will be happy to answer all your questions.     \r\n<\/p>\r\n\r\n<img decoding=\"async\" data-aos=\"fade-in\" style=\"display:none\" src=\"https:\/\/pristudnicke.sk\/wp-content\/uploads\/2021\/12\/letak.png\">\r\n\r\n\r\n<div data-aos=\"fade-in\" class=\"cta-comfort\">\r\n\r\n<strong>Contact us<\/strong>\r\n<a href=\"tel:+421918967101\">0918 967 101<\/a> \r\n<a href=\"tel:+421915631625\">0915 631 625<\/a>\r\n<a href=\"mailto:hello@comfortfinance.sk\" target=\"_blank\" rel=\"noopener\">hello@comfortfinance.sk<\/a>\r\n<a href=\"https:\/\/www.comfortfinance.sk\" target=\"_blank\" rel=\"noopener\"><img decoding=\"async\" src=\"https:\/\/pristudnicke.sk\/wp-content\/uploads\/2021\/12\/comfort.png\"><\/a>\r\n\r\n<\/div>\r\n\r\n<\/div>\r\n\r\n\r\n<div id=\"kontakt-pop\" data-aos=\"fade-up\" data-aos-delay=\"900\" data-aos-offset=\"0\">\r\nBook <br>for a video call with a salesperson.<br><a class=\"btn\" href=\"https:\/\/pristudnicke.sk\/en\/online-meet\/\">Book an appointment<\/a>\r\n<\/div>","protected":false},"excerpt":{"rendered":"Financing the purchase of an apartment, standard terms: 20% of the purchase price &#8211; payable upon signing of the Future Contract 80% of the purchase price &#8211; after approval We will be happy to provide you with a free and carefree real estate financing solution directly with us through our experienced financial partner, COMFORT FINANCE.&hellip; <a class=\"more-link\" href=\"https:\/\/pristudnicke.sk\/en\/funding\/\">Continue reading <span class=\"screen-reader-text\">Financing<\/span><\/a>","protected":false},"author":1,"featured_media":0,"parent":0,"menu_order":0,"comment_status":"closed","ping_status":"closed","template":"template-page-1.php","meta":{"inline_featured_image":false,"footnotes":""},"class_list":["post-2962","page","type-page","status-publish","hentry","entry"],"acf":[],"yoast_head":"<!-- This site is optimized with the Yoast SEO plugin v19.14 - https:\/\/yoast.com\/wordpress\/plugins\/seo\/ -->\n<title>Financing | PRI STUDNI\u010cKE<\/title>\n<meta name=\"robots\" content=\"index, follow, max-snippet:-1, max-image-preview:large, max-video-preview:-1\" \/>\n<link rel=\"canonical\" href=\"https:\/\/pristudnicke.sk\/en\/funding\/\" \/>\n<meta property=\"og:locale\" content=\"en_US\" \/>\n<meta property=\"og:type\" content=\"article\" \/>\n<meta property=\"og:title\" content=\"Financing | PRI STUDNI\u010cKE\" \/>\n<meta property=\"og:description\" content=\"Financing the purchase of an apartment, standard terms: 20% of the purchase price &#8211; payable upon signing of the Future Contract 80% of the purchase price &#8211; after approval We will be happy to provide you with a free and carefree real estate financing solution directly with us through our experienced financial partner, COMFORT FINANCE.&hellip; Continue reading Financing\" \/>\n<meta property=\"og:url\" content=\"https:\/\/pristudnicke.sk\/en\/funding\/\" \/>\n<meta property=\"og:site_name\" content=\"PRI STUDNI\u010cKE\" \/>\n<meta property=\"article:publisher\" content=\"https:\/\/www.facebook.com\/PRI-STUDNIKE-106033625326716\" \/>\n<meta property=\"article:modified_time\" content=\"2025-07-29T18:29:46+00:00\" \/>\n<meta property=\"og:image\" content=\"https:\/\/pristudnicke.sk\/wp-content\/uploads\/2021\/12\/letak.png\" \/>\n<meta name=\"twitter:card\" content=\"summary_large_image\" \/>\n<meta name=\"twitter:label1\" content=\"Est. reading time\" \/>\n\t<meta name=\"twitter:data1\" content=\"2 minutes\" \/>\n<script type=\"application\/ld+json\" class=\"yoast-schema-graph\">{\"@context\":\"https:\/\/schema.org\",\"@graph\":[{\"@type\":\"WebPage\",\"@id\":\"https:\/\/pristudnicke.sk\/en\/funding\/\",\"url\":\"https:\/\/pristudnicke.sk\/en\/funding\/\",\"name\":\"Financing | PRI STUDNI\u010cKE\",\"isPartOf\":{\"@id\":\"https:\/\/pristudnicke.sk\/en\/#website\"},\"datePublished\":\"2021-12-06T10:01:16+00:00\",\"dateModified\":\"2025-07-29T18:29:46+00:00\",\"breadcrumb\":{\"@id\":\"https:\/\/pristudnicke.sk\/en\/funding\/#breadcrumb\"},\"inLanguage\":\"en-US\",\"potentialAction\":[{\"@type\":\"ReadAction\",\"target\":[\"https:\/\/pristudnicke.sk\/en\/funding\/\"]}]},{\"@type\":\"BreadcrumbList\",\"@id\":\"https:\/\/pristudnicke.sk\/en\/funding\/#breadcrumb\",\"itemListElement\":[{\"@type\":\"ListItem\",\"position\":1,\"name\":\"Domovsk\u00e1 str\u00e1nka\",\"item\":\"https:\/\/pristudnicke.sk\/en\/\"},{\"@type\":\"ListItem\",\"position\":2,\"name\":\"Financing\"}]},{\"@type\":\"WebSite\",\"@id\":\"https:\/\/pristudnicke.sk\/en\/#website\",\"url\":\"https:\/\/pristudnicke.sk\/en\/\",\"name\":\"PRI STUDNI\u010cKE\",\"description\":\"Predpredaj bytov pri \u017deleznej Studni\u010dke v Bratislave\",\"publisher\":{\"@id\":\"https:\/\/pristudnicke.sk\/en\/#organization\"},\"potentialAction\":[{\"@type\":\"SearchAction\",\"target\":{\"@type\":\"EntryPoint\",\"urlTemplate\":\"https:\/\/pristudnicke.sk\/en\/?s={search_term_string}\"},\"query-input\":\"required name=search_term_string\"}],\"inLanguage\":\"en-US\"},{\"@type\":\"Organization\",\"@id\":\"https:\/\/pristudnicke.sk\/en\/#organization\",\"name\":\"PRISTUDNI\u010cKE\",\"url\":\"https:\/\/pristudnicke.sk\/en\/\",\"logo\":{\"@type\":\"ImageObject\",\"inLanguage\":\"en-US\",\"@id\":\"https:\/\/pristudnicke.sk\/en\/#\/schema\/logo\/image\/\",\"url\":\"https:\/\/pristudnicke.sk\/wp-content\/uploads\/2021\/09\/logo1.svg\",\"contentUrl\":\"https:\/\/pristudnicke.sk\/wp-content\/uploads\/2021\/09\/logo1.svg\",\"width\":\"1024\",\"height\":\"1024\",\"caption\":\"PRISTUDNI\u010cKE\"},\"image\":{\"@id\":\"https:\/\/pristudnicke.sk\/en\/#\/schema\/logo\/image\/\"},\"sameAs\":[\"https:\/\/www.facebook.com\/PRI-STUDNIKE-106033625326716\"]}]}<\/script>\n<!-- \/ Yoast SEO plugin. -->","yoast_head_json":{"title":"Financing | PRI STUDNI\u010cKE","robots":{"index":"index","follow":"follow","max-snippet":"max-snippet:-1","max-image-preview":"max-image-preview:large","max-video-preview":"max-video-preview:-1"},"canonical":"https:\/\/pristudnicke.sk\/en\/funding\/","og_locale":"en_US","og_type":"article","og_title":"Financing | PRI STUDNI\u010cKE","og_description":"Financing the purchase of an apartment, standard terms: 20% of the purchase price &#8211; payable upon signing of the Future Contract 80% of the purchase price &#8211; after approval We will be happy to provide you with a free and carefree real estate financing solution directly with us through our experienced financial partner, COMFORT FINANCE.&hellip; Continue reading Financing","og_url":"https:\/\/pristudnicke.sk\/en\/funding\/","og_site_name":"PRI STUDNI\u010cKE","article_publisher":"https:\/\/www.facebook.com\/PRI-STUDNIKE-106033625326716","article_modified_time":"2025-07-29T18:29:46+00:00","og_image":[{"url":"https:\/\/pristudnicke.sk\/wp-content\/uploads\/2021\/12\/letak.png"}],"twitter_card":"summary_large_image","twitter_misc":{"Est. reading time":"2 minutes"},"schema":{"@context":"https:\/\/schema.org","@graph":[{"@type":"WebPage","@id":"https:\/\/pristudnicke.sk\/en\/funding\/","url":"https:\/\/pristudnicke.sk\/en\/funding\/","name":"Financing | PRI STUDNI\u010cKE","isPartOf":{"@id":"https:\/\/pristudnicke.sk\/en\/#website"},"datePublished":"2021-12-06T10:01:16+00:00","dateModified":"2025-07-29T18:29:46+00:00","breadcrumb":{"@id":"https:\/\/pristudnicke.sk\/en\/funding\/#breadcrumb"},"inLanguage":"en-US","potentialAction":[{"@type":"ReadAction","target":["https:\/\/pristudnicke.sk\/en\/funding\/"]}]},{"@type":"BreadcrumbList","@id":"https:\/\/pristudnicke.sk\/en\/funding\/#breadcrumb","itemListElement":[{"@type":"ListItem","position":1,"name":"Domovsk\u00e1 str\u00e1nka","item":"https:\/\/pristudnicke.sk\/en\/"},{"@type":"ListItem","position":2,"name":"Financing"}]},{"@type":"WebSite","@id":"https:\/\/pristudnicke.sk\/en\/#website","url":"https:\/\/pristudnicke.sk\/en\/","name":"PRI STUDNI\u010cKE","description":"Predpredaj bytov pri \u017deleznej Studni\u010dke v Bratislave","publisher":{"@id":"https:\/\/pristudnicke.sk\/en\/#organization"},"potentialAction":[{"@type":"SearchAction","target":{"@type":"EntryPoint","urlTemplate":"https:\/\/pristudnicke.sk\/en\/?s={search_term_string}"},"query-input":"required name=search_term_string"}],"inLanguage":"en-US"},{"@type":"Organization","@id":"https:\/\/pristudnicke.sk\/en\/#organization","name":"PRISTUDNI\u010cKE","url":"https:\/\/pristudnicke.sk\/en\/","logo":{"@type":"ImageObject","inLanguage":"en-US","@id":"https:\/\/pristudnicke.sk\/en\/#\/schema\/logo\/image\/","url":"https:\/\/pristudnicke.sk\/wp-content\/uploads\/2021\/09\/logo1.svg","contentUrl":"https:\/\/pristudnicke.sk\/wp-content\/uploads\/2021\/09\/logo1.svg","width":"1024","height":"1024","caption":"PRISTUDNI\u010cKE"},"image":{"@id":"https:\/\/pristudnicke.sk\/en\/#\/schema\/logo\/image\/"},"sameAs":["https:\/\/www.facebook.com\/PRI-STUDNIKE-106033625326716"]}]}},"_links":{"self":[{"href":"https:\/\/pristudnicke.sk\/en\/wp-json\/wp\/v2\/pages\/2962","targetHints":{"allow":["GET"]}}],"collection":[{"href":"https:\/\/pristudnicke.sk\/en\/wp-json\/wp\/v2\/pages"}],"about":[{"href":"https:\/\/pristudnicke.sk\/en\/wp-json\/wp\/v2\/types\/page"}],"author":[{"embeddable":true,"href":"https:\/\/pristudnicke.sk\/en\/wp-json\/wp\/v2\/users\/1"}],"replies":[{"embeddable":true,"href":"https:\/\/pristudnicke.sk\/en\/wp-json\/wp\/v2\/comments?post=2962"}],"version-history":[{"count":2,"href":"https:\/\/pristudnicke.sk\/en\/wp-json\/wp\/v2\/pages\/2962\/revisions"}],"predecessor-version":[{"id":3010,"href":"https:\/\/pristudnicke.sk\/en\/wp-json\/wp\/v2\/pages\/2962\/revisions\/3010"}],"wp:attachment":[{"href":"https:\/\/pristudnicke.sk\/en\/wp-json\/wp\/v2\/media?parent=2962"}],"curies":[{"name":"wp","href":"https:\/\/api.w.org\/{rel}","templated":true}]}}