{"id":2961,"date":"2023-01-18T20:25:00","date_gmt":"2023-01-18T19:25:00","guid":{"rendered":"https:\/\/pristudnicke.sk\/architects\/"},"modified":"2023-01-18T20:25:00","modified_gmt":"2023-01-18T19:25:00","slug":"architects","status":"publish","type":"page","link":"https:\/\/pristudnicke.sk\/en\/architects\/","title":{"rendered":"Architects"},"content":{"rendered":"<div id=\"financovanie\" class=\"architekti\">\n\n\n\n<p data-aos=\"fade-in\">\nThe author of the architectural concept of the <b>PRI STUDNI\u010cKE<\/b> project is the GutGut studio, which was followed up and the project was refined by the architects of the <b>PANTOGRAPH<\/b> studio. The <b>PANTOGRAPH<\/b> architectural studio was established in 2012 and today it employs more than twenty architects, civil engineers and designers. <\/p> \n\n<video class=\"video aos-init aos-animate\" preload=\"auto\" muted=\"\" autoplay=\"\" loop=\"\" playsinline=\"\" poster=\"\" data-aos=\"fade-in\">\n\t\t\t <source src=\"https:\/\/pristudnicke.sk\/wp-content\/uploads\/2023\/01\/web-video2.mp4\" type=\"video\/mp4\">\n        <source src=\"https:\/\/pristudnicke.sk\/wp-content\/uploads\/2023\/01\/pantograph-atelier.webm\" type=\"video\/webm\">\n\t\t\t\t<\/source><\/source><\/video><em class=\"zdroj\">Architects from Atelier PANTOGRAPH<\/em>\n\n\n<p data-aos=\"fade-in\">The studio is known for its holistic approach to finding architectural solutions. Its architects have won numerous awards for their work, such as the <b>1st prize in the architectural-urban competition for the design of the Martin Future Hospital project<\/b>, or the <b>CEZAAR award in the Civil Construction category for the Hunting House project<\/b>. In 2022, <b>their project DISCOVERY TOWER &#8211; an apartment house was nominated in the CEZAAR awards<\/b>.  <\/p>\n<div id='gallery-1' class='gallery galleryid-2961 gallery-columns-3 gallery-size-thumbnail'><figure class='gallery-item'>\n\t\t\t<div class='gallery-icon landscape'>\n\t\t\t\t<a href='https:\/\/pristudnicke.sk\/wp-content\/uploads\/2023\/01\/Pantograph_Dubravka_Aerial_02_Final-min-scaled-1.jpeg' title=\"\" data-rl_title=\"\" class=\"rl-gallery-link\" data-rl_caption=\"\" data-rel=\"lightbox-gallery-1\"><img loading=\"lazy\" decoding=\"async\" width=\"950\" height=\"594\" src=\"https:\/\/pristudnicke.sk\/wp-content\/uploads\/2023\/01\/Pantograph_Dubravka_Aerial_02_Final-min-scaled-1-950x594.jpeg\" class=\"attachment-thumbnail size-thumbnail\" alt=\"\" srcset=\"https:\/\/pristudnicke.sk\/wp-content\/uploads\/2023\/01\/Pantograph_Dubravka_Aerial_02_Final-min-scaled-1-950x594.jpeg 950w, https:\/\/pristudnicke.sk\/wp-content\/uploads\/2023\/01\/Pantograph_Dubravka_Aerial_02_Final-min-scaled-1-300x188.jpeg 300w, https:\/\/pristudnicke.sk\/wp-content\/uploads\/2023\/01\/Pantograph_Dubravka_Aerial_02_Final-min-scaled-1-1024x640.jpeg 1024w, https:\/\/pristudnicke.sk\/wp-content\/uploads\/2023\/01\/Pantograph_Dubravka_Aerial_02_Final-min-scaled-1-768x480.jpeg 768w, https:\/\/pristudnicke.sk\/wp-content\/uploads\/2023\/01\/Pantograph_Dubravka_Aerial_02_Final-min-scaled-1-1536x960.jpeg 1536w, https:\/\/pristudnicke.sk\/wp-content\/uploads\/2023\/01\/Pantograph_Dubravka_Aerial_02_Final-min-scaled-1-2048x1280.jpeg 2048w, https:\/\/pristudnicke.sk\/wp-content\/uploads\/2023\/01\/Pantograph_Dubravka_Aerial_02_Final-min-scaled-1-1568x980.jpeg 1568w\" sizes=\"auto, (max-width: 950px) 100vw, 950px\" style=\"width:100%;height:62.5%;max-width:2560px;\" \/><\/a>\n\t\t\t<\/div><\/figure><figure class='gallery-item'>\n\t\t\t<div class='gallery-icon landscape'>\n\t\t\t\t<a href='https:\/\/pristudnicke.sk\/wp-content\/uploads\/2023\/01\/hp_nbm-scaled-1.jpeg' title=\"\" data-rl_title=\"\" class=\"rl-gallery-link\" data-rl_caption=\"\" data-rel=\"lightbox-gallery-1\"><img loading=\"lazy\" decoding=\"async\" width=\"950\" height=\"566\" src=\"https:\/\/pristudnicke.sk\/wp-content\/uploads\/2023\/01\/hp_nbm-scaled-1-950x566.jpeg\" class=\"attachment-thumbnail size-thumbnail\" alt=\"\" srcset=\"https:\/\/pristudnicke.sk\/wp-content\/uploads\/2023\/01\/hp_nbm-scaled-1-950x566.jpeg 950w, https:\/\/pristudnicke.sk\/wp-content\/uploads\/2023\/01\/hp_nbm-scaled-1-300x179.jpeg 300w, https:\/\/pristudnicke.sk\/wp-content\/uploads\/2023\/01\/hp_nbm-scaled-1-1024x610.jpeg 1024w, https:\/\/pristudnicke.sk\/wp-content\/uploads\/2023\/01\/hp_nbm-scaled-1-768x458.jpeg 768w, https:\/\/pristudnicke.sk\/wp-content\/uploads\/2023\/01\/hp_nbm-scaled-1-1536x916.jpeg 1536w, https:\/\/pristudnicke.sk\/wp-content\/uploads\/2023\/01\/hp_nbm-scaled-1-2048x1221.jpeg 2048w, https:\/\/pristudnicke.sk\/wp-content\/uploads\/2023\/01\/hp_nbm-scaled-1-1568x935.jpeg 1568w\" sizes=\"auto, (max-width: 950px) 100vw, 950px\" style=\"width:100%;height:59.61%;max-width:2560px;\" \/><\/a>\n\t\t\t<\/div><\/figure><figure class='gallery-item'>\n\t\t\t<div class='gallery-icon landscape'>\n\t\t\t\t<a href='https:\/\/pristudnicke.sk\/wp-content\/uploads\/2023\/01\/hp_novymajerhof-scaled-1.jpeg' title=\"\" data-rl_title=\"\" class=\"rl-gallery-link\" data-rl_caption=\"\" data-rel=\"lightbox-gallery-1\"><img loading=\"lazy\" decoding=\"async\" width=\"950\" height=\"430\" src=\"https:\/\/pristudnicke.sk\/wp-content\/uploads\/2023\/01\/hp_novymajerhof-scaled-1-950x430.jpeg\" class=\"attachment-thumbnail size-thumbnail\" alt=\"\" srcset=\"https:\/\/pristudnicke.sk\/wp-content\/uploads\/2023\/01\/hp_novymajerhof-scaled-1-950x430.jpeg 950w, https:\/\/pristudnicke.sk\/wp-content\/uploads\/2023\/01\/hp_novymajerhof-scaled-1-300x136.jpeg 300w, https:\/\/pristudnicke.sk\/wp-content\/uploads\/2023\/01\/hp_novymajerhof-scaled-1-1024x464.jpeg 1024w, https:\/\/pristudnicke.sk\/wp-content\/uploads\/2023\/01\/hp_novymajerhof-scaled-1-768x348.jpeg 768w, https:\/\/pristudnicke.sk\/wp-content\/uploads\/2023\/01\/hp_novymajerhof-scaled-1-1536x696.jpeg 1536w, https:\/\/pristudnicke.sk\/wp-content\/uploads\/2023\/01\/hp_novymajerhof-scaled-1-2048x928.jpeg 2048w, https:\/\/pristudnicke.sk\/wp-content\/uploads\/2023\/01\/hp_novymajerhof-scaled-1-1568x711.jpeg 1568w\" sizes=\"auto, (max-width: 950px) 100vw, 950px\" style=\"width:100%;height:45.31%;max-width:2560px;\" \/><\/a>\n\t\t\t<\/div><\/figure><figure class='gallery-item'>\n\t\t\t<div class='gallery-icon landscape'>\n\t\t\t\t<a href='https:\/\/pristudnicke.sk\/wp-content\/uploads\/2023\/01\/hp_polovnickydom-scaled-1.jpeg' title=\"\" data-rl_title=\"\" class=\"rl-gallery-link\" data-rl_caption=\"\" data-rel=\"lightbox-gallery-1\"><img loading=\"lazy\" decoding=\"async\" width=\"950\" height=\"633\" src=\"https:\/\/pristudnicke.sk\/wp-content\/uploads\/2023\/01\/hp_polovnickydom-scaled-1-950x633.jpeg\" class=\"attachment-thumbnail size-thumbnail\" alt=\"\" srcset=\"https:\/\/pristudnicke.sk\/wp-content\/uploads\/2023\/01\/hp_polovnickydom-scaled-1-950x633.jpeg 950w, https:\/\/pristudnicke.sk\/wp-content\/uploads\/2023\/01\/hp_polovnickydom-scaled-1-300x200.jpeg 300w, https:\/\/pristudnicke.sk\/wp-content\/uploads\/2023\/01\/hp_polovnickydom-scaled-1-1024x683.jpeg 1024w, https:\/\/pristudnicke.sk\/wp-content\/uploads\/2023\/01\/hp_polovnickydom-scaled-1-768x512.jpeg 768w, https:\/\/pristudnicke.sk\/wp-content\/uploads\/2023\/01\/hp_polovnickydom-scaled-1-1536x1024.jpeg 1536w, https:\/\/pristudnicke.sk\/wp-content\/uploads\/2023\/01\/hp_polovnickydom-scaled-1-2048x1366.jpeg 2048w, https:\/\/pristudnicke.sk\/wp-content\/uploads\/2023\/01\/hp_polovnickydom-scaled-1-1568x1046.jpeg 1568w\" sizes=\"auto, (max-width: 950px) 100vw, 950px\" style=\"width:100%;height:66.68%;max-width:2560px;\" \/><\/a>\n\t\t\t<\/div><\/figure><figure class='gallery-item'>\n\t\t\t<div class='gallery-icon landscape'>\n\t\t\t\t<a href='https:\/\/pristudnicke.sk\/wp-content\/uploads\/2023\/01\/hp_skypark.jpeg' title=\"\" data-rl_title=\"\" class=\"rl-gallery-link\" data-rl_caption=\"\" data-rel=\"lightbox-gallery-1\"><img loading=\"lazy\" decoding=\"async\" width=\"950\" height=\"475\" src=\"https:\/\/pristudnicke.sk\/wp-content\/uploads\/2023\/01\/hp_skypark-950x475.jpeg\" class=\"attachment-thumbnail size-thumbnail\" alt=\"\" srcset=\"https:\/\/pristudnicke.sk\/wp-content\/uploads\/2023\/01\/hp_skypark-950x475.jpeg 950w, https:\/\/pristudnicke.sk\/wp-content\/uploads\/2023\/01\/hp_skypark-300x150.jpeg 300w, https:\/\/pristudnicke.sk\/wp-content\/uploads\/2023\/01\/hp_skypark-1024x512.jpeg 1024w, https:\/\/pristudnicke.sk\/wp-content\/uploads\/2023\/01\/hp_skypark-768x384.jpeg 768w, https:\/\/pristudnicke.sk\/wp-content\/uploads\/2023\/01\/hp_skypark-1536x768.jpeg 1536w, https:\/\/pristudnicke.sk\/wp-content\/uploads\/2023\/01\/hp_skypark-1568x784.jpeg 1568w, https:\/\/pristudnicke.sk\/wp-content\/uploads\/2023\/01\/hp_skypark.jpeg 2048w\" sizes=\"auto, (max-width: 950px) 100vw, 950px\" style=\"width:100%;height:50%;max-width:2048px;\" \/><\/a>\n\t\t\t<\/div><\/figure>\n\t\t<\/div>\n\n<em class=\"zdroj\">Realizations of PANTOGRAPH studio<\/em>\n<p data-aos=\"fade-in\">PANTOGRAPH collaborates on many of its projects with foreign studios such as <b>Zaha Hadid Architects, KCAP Architects@Planners, SeARCH Architecture and Urban Planning<\/b>. The studio&#8217;s portfolio includes, among others, the <b>Skypark Offices, Nov\u00fd Istropolis, Nov\u00fd Majerhof and Discovery Residence<\/b> projects. \n<\/p>\n\n\n<div class=\"clanok-architekti\" data-aos=\"fade-in\">\n\n<h2 data-aos=\"fade-in\"><small>Interview<\/small>\nATELIER PANTOGRAPH &#8211; architects who love complicated buildings<\/h2>\n\n<strong class=\"uvodny\" data-aos=\"fade-in\">About half of their projects are done in collaboration with foreign architects. This makes them different from other Slovak studios. They are most interested in complex and unique buildings. By cooperating with foreign studios, they have access to completely different know-how, which allows them to move forward faster both creatively and technologically.     <br><br>We bring you an interview with architect Miro Hru\u0161ovsk\u00fd and Petr Ko\u017eu\u0161ek from the PANTOGRAPH studio, who are behind the residential project PRI STUDNI\u010cKE.\n<br><div class=\"arch\">\n<img decoding=\"async\" src=\"https:\/\/pristudnicke.sk\/wp-content\/uploads\/2023\/01\/ing-arch-miroslav-hrusovsky-scaled.jpeg\">\n<em>Ing. arch. Miroslav Hru\u0161ovsk\u00fd <\/em>\n<\/div>\n\n\n<div class=\"arch\">\n<img decoding=\"async\" src=\"https:\/\/pristudnicke.sk\/wp-content\/uploads\/2023\/01\/ing-arch-peter-kozusko-scaled.jpeg\">\n<em>Ing. arch. Peter Ko\u017eu\u0161ko <\/em>\n<\/div>\n\n\n\n\n<\/strong>\n\n\n<strong class=\"que\">What was your guiding principle when designing the project AT THE STUDENT? What was your philosophy? <\/strong>\n<p>We took over the project at some stage from the architectural studio GutGut, which is the author of\narchitectural concept. It was already designed with elements of the industrial style, which we\nkept. We also kept the massing, but changed the layout and worked\nintensively with the balconies, which we enlarged to give their future inhabitants\na really comfortable space. Thanks to the different layouts, in our opinion\nan excellent &#8220;flat mix&#8221; was created.     <br><br>The architectural concept was therefore given by our predecessors, PANTOGRAPH fulfilled the\nproject in terms of content and put in what we think people would want. We &#8220;displaced&#8221;\nthe buildings in such a way that the best possible view could be had from each of them, in the ground floor, i.e. where one\ncan touch it, the brick was left, from the second floor onwards we chose a plain plaster, which\ncreated a natural colour scheme with the brick. The plaster is the colour of white coffee, the brick is a shade\ndarker.    <br><br><img decoding=\"async\" src=\"https:\/\/pristudnicke.sk\/wp-content\/uploads\/2022\/02\/interier.jpg\">\n<em class=\"zdroj\">Visualization of the interior of the apartment PRI STUDNI\u010cKE<\/em>\nSince the project is located within easy reach of the natural environment, we deliberately chose green\nshades for the windows and balconies. We were convinced that it would work in the proximity of that nature.\nThe balconies are not banal, they carry a certain artistic quality in the form of the stylization of the grass.\nAll windows are screened with fabric roller blinds, and we make extensive use of\nFrench windows, which evoke a sense of connection with the outdoors. French windows\nare very pleasant, and nowadays extremely popular, but not every residential project has them.\nIn our project they are really abundant. Where there are no French windows, there are windows with\nreduced sills.   <\/p>\n<strong class=\"que\">The project is currently located in an industrial zone. What is the future of the neighbourhood? <\/strong>\n<p>\nOur project PRI STUDNI\u010cKE will be gradually integrated into the residential zone. In its vicinity will be created\nresidential area with rich amenities. This will create, together with our\nproject, an inner block, which will contain commercial premises and various other\nservices. We are convinced that the forthcoming development project together with this\nlocation will significantly increase the value of the apartments at PRI STUDNI\u010cKE.   <br><br><img decoding=\"async\" src=\"https:\/\/pristudnicke.sk\/wp-content\/uploads\/2022\/02\/eset.jpg\">\n<em class=\"zdroj\">Visualization of ESET CAMPUS<\/em>\nAnd we haven&#8217;t even mentioned the biggest &#8220;gadget&#8221; in the vicinity of our project &#8211;\nthe upcoming ESET CAMPUS research centre. The centre, which will\nbe located on the site of the former Military Hospital, represents a major transformation of this location,\nwhich will bring together domestic technology companies and will also house generous \n<br><br>public spaces accessible to the community and the general public. ESET CAMPUS\nwill be an important part of Bratislava&#8217;s development. For the future residents of the PRI STUDNI\u010cKE\nproject, this is a huge asset and benefit not only in the form of further expansion of amenities,\nbut also in the form of an increase in housing value.  <\/p>\n\n\n<strong class=\"que\">The Vydrica stream flows through the project. Did this pose any challenges for you in the design process? How did you deal with the foundations?  <\/strong> \n\n<p>The volume follows the level of the stream. We have tried to make the most of the natural space and the nook with the stream that is located here. Each apartment building has a frontage to the Vydri River and a good composition creates beautiful internal public spaces.    \n<img decoding=\"async\" src=\"https:\/\/pristudnicke.sk\/wp-content\/uploads\/2021\/09\/03-pri-studnicke.jpg\">\n<em class=\"zdroj\">Visualization of flats PRI STUDNICKE<\/em>\nAs far as protection from groundwater is concerned, sealing walls are used, which are a common standard in all development projects in Bratislava.<\/p>\n\n\n<strong class=\"que\">What makes this project special for you? How do you think it will be special for its future inhabitants? <\/strong>\n\n<p>The relationship with the surrounding natural environment here is unique, you can&#8217;t copy that. Furthermore, the immediate proximity of the Iron Well. And at the same time the neighborhood business zone. Good connectivity to the highway. We believe that the uniqueness of the project lies in its location &#8211; it is located in a natural backdrop and at the same time on the border of the traffic artery. We are convinced that all these are the benefits that make the PRI STUDNI\u010cKE project a perfect urban living.     <\/p>\n\n\n<strong class=\"que\">Nowadays ecology and environment are taken care of, does the project use eco-friendly elements?  <\/strong>\n\n<p>Yeah. It is excellently insulated, meeting the most modern requirements, such as triple glazing. Outside, there are charging stations for electric cars, and two buildings have green roofs, which has an extremely positive impact on the whole neighbourhood. There is no heat accumulation, there is a good microclimate thanks to the dense greenery, and the environment is cooled by the aforementioned Vydrica stream.     <\/p>\n\n\n<strong class=\"que\">You are also collaborating with the Danish architectural studio BIG on the project of the above-mentioned ESET science campus, which will be located a short distance from the PRI STUDNI\u010cKE residence.<\/strong> \n\n<p>Yes, we are working together and it&#8217;s been a huge and wonderful experience for us. We would like to mention at this point that Campus ESET will also be an asset for the urban housing in this neighbourhood, including the PRI STUDni\u010dka residence. The campus will include restaurants, cafes, a museum, cinemas, and an education centre. All of this, along with the campus and park, will be open to the general public. It will be such a microcity in the city. And the inhabitants of the PRI STUDNI\u010cKE residence will be able to use this microcity to their heart&#8217;s content.     <\/p>\n\n<a href=\"https:\/\/www.pantograph.sk\/\" class=\"btn\" target=\"_blank\" rel=\"noopener\">www.pantograph.sk<\/a>\n\n\n\n<\/div>\n\n\n<\/div>","protected":false},"excerpt":{"rendered":"The author of the architectural concept of the PRI STUDNI\u010cKE project is the GutGut studio, which was followed up and the project was refined by the architects of the PANTOGRAPH studio. The PANTOGRAPH architectural studio was established in 2012 and today it employs more than twenty architects, civil engineers and designers. Architects from Atelier PANTOGRAPH&hellip; <a class=\"more-link\" href=\"https:\/\/pristudnicke.sk\/en\/architects\/\">Continue reading <span class=\"screen-reader-text\">Architects<\/span><\/a>","protected":false},"author":1,"featured_media":0,"parent":0,"menu_order":0,"comment_status":"closed","ping_status":"closed","template":"template-page-1.php","meta":{"inline_featured_image":false,"footnotes":""},"class_list":["post-2961","page","type-page","status-publish","hentry","entry"],"acf":[],"yoast_head":"<!-- This site is optimized with the Yoast SEO plugin v19.14 - https:\/\/yoast.com\/wordpress\/plugins\/seo\/ -->\n<title>Architects | PRI STUDNI\u010cKE<\/title>\n<meta name=\"robots\" content=\"index, follow, max-snippet:-1, max-image-preview:large, max-video-preview:-1\" \/>\n<link rel=\"canonical\" href=\"https:\/\/pristudnicke.sk\/en\/architects\/\" \/>\n<meta property=\"og:locale\" content=\"en_US\" \/>\n<meta property=\"og:type\" content=\"article\" \/>\n<meta property=\"og:title\" content=\"Architects | PRI STUDNI\u010cKE\" \/>\n<meta property=\"og:description\" content=\"The author of the architectural concept of the PRI STUDNI\u010cKE project is the GutGut studio, which was followed up and the project was refined by the architects of the PANTOGRAPH studio. The PANTOGRAPH architectural studio was established in 2012 and today it employs more than twenty architects, civil engineers and designers. Architects from Atelier PANTOGRAPH&hellip; Continue reading Architects\" \/>\n<meta property=\"og:url\" content=\"https:\/\/pristudnicke.sk\/en\/architects\/\" \/>\n<meta property=\"og:site_name\" content=\"PRI STUDNI\u010cKE\" \/>\n<meta property=\"article:publisher\" content=\"https:\/\/www.facebook.com\/PRI-STUDNIKE-106033625326716\" \/>\n<meta property=\"og:image\" content=\"https:\/\/pristudnicke.sk\/wp-content\/uploads\/2023\/01\/Pantograph_Dubravka_Aerial_02_Final-min-scaled-1-950x594.jpeg\" \/>\n<meta name=\"twitter:card\" content=\"summary_large_image\" \/>\n<meta name=\"twitter:label1\" content=\"Est. reading time\" \/>\n\t<meta name=\"twitter:data1\" content=\"6 minutes\" \/>\n<script type=\"application\/ld+json\" class=\"yoast-schema-graph\">{\"@context\":\"https:\/\/schema.org\",\"@graph\":[{\"@type\":\"WebPage\",\"@id\":\"https:\/\/pristudnicke.sk\/en\/architects\/\",\"url\":\"https:\/\/pristudnicke.sk\/en\/architects\/\",\"name\":\"Architects | PRI STUDNI\u010cKE\",\"isPartOf\":{\"@id\":\"https:\/\/pristudnicke.sk\/en\/#website\"},\"datePublished\":\"2023-01-18T19:25:00+00:00\",\"dateModified\":\"2023-01-18T19:25:00+00:00\",\"breadcrumb\":{\"@id\":\"https:\/\/pristudnicke.sk\/en\/architects\/#breadcrumb\"},\"inLanguage\":\"en-US\",\"potentialAction\":[{\"@type\":\"ReadAction\",\"target\":[\"https:\/\/pristudnicke.sk\/en\/architects\/\"]}]},{\"@type\":\"BreadcrumbList\",\"@id\":\"https:\/\/pristudnicke.sk\/en\/architects\/#breadcrumb\",\"itemListElement\":[{\"@type\":\"ListItem\",\"position\":1,\"name\":\"Domovsk\u00e1 str\u00e1nka\",\"item\":\"https:\/\/pristudnicke.sk\/en\/\"},{\"@type\":\"ListItem\",\"position\":2,\"name\":\"Architects\"}]},{\"@type\":\"WebSite\",\"@id\":\"https:\/\/pristudnicke.sk\/en\/#website\",\"url\":\"https:\/\/pristudnicke.sk\/en\/\",\"name\":\"PRI STUDNI\u010cKE\",\"description\":\"Predpredaj bytov pri \u017deleznej Studni\u010dke v Bratislave\",\"publisher\":{\"@id\":\"https:\/\/pristudnicke.sk\/en\/#organization\"},\"potentialAction\":[{\"@type\":\"SearchAction\",\"target\":{\"@type\":\"EntryPoint\",\"urlTemplate\":\"https:\/\/pristudnicke.sk\/en\/?s={search_term_string}\"},\"query-input\":\"required name=search_term_string\"}],\"inLanguage\":\"en-US\"},{\"@type\":\"Organization\",\"@id\":\"https:\/\/pristudnicke.sk\/en\/#organization\",\"name\":\"PRISTUDNI\u010cKE\",\"url\":\"https:\/\/pristudnicke.sk\/en\/\",\"logo\":{\"@type\":\"ImageObject\",\"inLanguage\":\"en-US\",\"@id\":\"https:\/\/pristudnicke.sk\/en\/#\/schema\/logo\/image\/\",\"url\":\"https:\/\/pristudnicke.sk\/wp-content\/uploads\/2021\/09\/logo1.svg\",\"contentUrl\":\"https:\/\/pristudnicke.sk\/wp-content\/uploads\/2021\/09\/logo1.svg\",\"width\":\"1024\",\"height\":\"1024\",\"caption\":\"PRISTUDNI\u010cKE\"},\"image\":{\"@id\":\"https:\/\/pristudnicke.sk\/en\/#\/schema\/logo\/image\/\"},\"sameAs\":[\"https:\/\/www.facebook.com\/PRI-STUDNIKE-106033625326716\"]}]}<\/script>\n<!-- \/ Yoast SEO plugin. -->","yoast_head_json":{"title":"Architects | PRI STUDNI\u010cKE","robots":{"index":"index","follow":"follow","max-snippet":"max-snippet:-1","max-image-preview":"max-image-preview:large","max-video-preview":"max-video-preview:-1"},"canonical":"https:\/\/pristudnicke.sk\/en\/architects\/","og_locale":"en_US","og_type":"article","og_title":"Architects | PRI STUDNI\u010cKE","og_description":"The author of the architectural concept of the PRI STUDNI\u010cKE project is the GutGut studio, which was followed up and the project was refined by the architects of the PANTOGRAPH studio. The PANTOGRAPH architectural studio was established in 2012 and today it employs more than twenty architects, civil engineers and designers. Architects from Atelier PANTOGRAPH&hellip; Continue reading Architects","og_url":"https:\/\/pristudnicke.sk\/en\/architects\/","og_site_name":"PRI STUDNI\u010cKE","article_publisher":"https:\/\/www.facebook.com\/PRI-STUDNIKE-106033625326716","og_image":[{"url":"https:\/\/pristudnicke.sk\/wp-content\/uploads\/2023\/01\/Pantograph_Dubravka_Aerial_02_Final-min-scaled-1-950x594.jpeg"}],"twitter_card":"summary_large_image","twitter_misc":{"Est. reading time":"6 minutes"},"schema":{"@context":"https:\/\/schema.org","@graph":[{"@type":"WebPage","@id":"https:\/\/pristudnicke.sk\/en\/architects\/","url":"https:\/\/pristudnicke.sk\/en\/architects\/","name":"Architects | PRI STUDNI\u010cKE","isPartOf":{"@id":"https:\/\/pristudnicke.sk\/en\/#website"},"datePublished":"2023-01-18T19:25:00+00:00","dateModified":"2023-01-18T19:25:00+00:00","breadcrumb":{"@id":"https:\/\/pristudnicke.sk\/en\/architects\/#breadcrumb"},"inLanguage":"en-US","potentialAction":[{"@type":"ReadAction","target":["https:\/\/pristudnicke.sk\/en\/architects\/"]}]},{"@type":"BreadcrumbList","@id":"https:\/\/pristudnicke.sk\/en\/architects\/#breadcrumb","itemListElement":[{"@type":"ListItem","position":1,"name":"Domovsk\u00e1 str\u00e1nka","item":"https:\/\/pristudnicke.sk\/en\/"},{"@type":"ListItem","position":2,"name":"Architects"}]},{"@type":"WebSite","@id":"https:\/\/pristudnicke.sk\/en\/#website","url":"https:\/\/pristudnicke.sk\/en\/","name":"PRI STUDNI\u010cKE","description":"Predpredaj bytov pri \u017deleznej Studni\u010dke v Bratislave","publisher":{"@id":"https:\/\/pristudnicke.sk\/en\/#organization"},"potentialAction":[{"@type":"SearchAction","target":{"@type":"EntryPoint","urlTemplate":"https:\/\/pristudnicke.sk\/en\/?s={search_term_string}"},"query-input":"required name=search_term_string"}],"inLanguage":"en-US"},{"@type":"Organization","@id":"https:\/\/pristudnicke.sk\/en\/#organization","name":"PRISTUDNI\u010cKE","url":"https:\/\/pristudnicke.sk\/en\/","logo":{"@type":"ImageObject","inLanguage":"en-US","@id":"https:\/\/pristudnicke.sk\/en\/#\/schema\/logo\/image\/","url":"https:\/\/pristudnicke.sk\/wp-content\/uploads\/2021\/09\/logo1.svg","contentUrl":"https:\/\/pristudnicke.sk\/wp-content\/uploads\/2021\/09\/logo1.svg","width":"1024","height":"1024","caption":"PRISTUDNI\u010cKE"},"image":{"@id":"https:\/\/pristudnicke.sk\/en\/#\/schema\/logo\/image\/"},"sameAs":["https:\/\/www.facebook.com\/PRI-STUDNIKE-106033625326716"]}]}},"_links":{"self":[{"href":"https:\/\/pristudnicke.sk\/en\/wp-json\/wp\/v2\/pages\/2961","targetHints":{"allow":["GET"]}}],"collection":[{"href":"https:\/\/pristudnicke.sk\/en\/wp-json\/wp\/v2\/pages"}],"about":[{"href":"https:\/\/pristudnicke.sk\/en\/wp-json\/wp\/v2\/types\/page"}],"author":[{"embeddable":true,"href":"https:\/\/pristudnicke.sk\/en\/wp-json\/wp\/v2\/users\/1"}],"replies":[{"embeddable":true,"href":"https:\/\/pristudnicke.sk\/en\/wp-json\/wp\/v2\/comments?post=2961"}],"version-history":[{"count":0,"href":"https:\/\/pristudnicke.sk\/en\/wp-json\/wp\/v2\/pages\/2961\/revisions"}],"wp:attachment":[{"href":"https:\/\/pristudnicke.sk\/en\/wp-json\/wp\/v2\/media?parent=2961"}],"curies":[{"name":"wp","href":"https:\/\/api.w.org\/{rel}","templated":true}]}}