{"id":2923,"date":"2024-11-21T10:31:45","date_gmt":"2024-11-21T09:31:45","guid":{"rendered":"https:\/\/pristudnicke.sk\/business-premises-for-sale\/"},"modified":"2025-07-29T12:04:10","modified_gmt":"2025-07-29T10:04:10","slug":"business-premises-for-sale","status":"publish","type":"page","link":"https:\/\/pristudnicke.sk\/en\/business-premises-for-sale\/","title":{"rendered":"Business premises"},"content":{"rendered":"<div id=\"obchodne-priestory\">\r\n<div>\r\n\r\n<strong>Commercial space in block C <small><b>Ideal for:<\/b> office, showroom, shop<\/small><\/strong>\r\n<ul>\r\n\r\n<li><span>Clearance in space:<\/span><span> 4.25 metres <\/span> <\/li>\r\n<li><span>Floor area:<\/span><span> 45,10<sup>sqm <\/sup><\/span><\/li>\r\n<li><span>Holospace: <\/span><span> without flooring and wall treatment <\/span> <\/li>\r\n<li><span>Heating:<\/span><span> Radiators<\/span><\/li>\r\n<li><span>Cooling:<\/span><span> Pre-preparation for air conditioning<\/span><\/li>\r\n<li><span>Health Engineering:<\/span><span> pre-preparation according to project documentation <\/span> <\/li>\r\n<li class=\"ccc\"><span>Price:<\/span><span> 181 951 \u20ac incl. VAT<\/span><\/li>\r\n<\/ul>\r\n\r\n\r\n<small>The fa\u00e7ade of the space will be glazed as shown in the visualisation. However, these will not be solid glazing, but rather segmented areas.  <\/small>\r\n\r\n<a class=\"pdf\" target=\"_blank\" href=\"https:\/\/pristudnicke.sk\/wp-content\/uploads\/2024\/11\/OV.C.1.1.pdf\">Floor plan<\/a>\r\n<\/div>\r\n\r\n<div>\r\n<strong>Commercial space in block A <small><b>Ideal for:<\/b> cafe, confectionery<\/small><\/strong>\r\n\r\n <ul>\r\n\r\n<li><span>Clearance in space:<\/span><span> 4.25 metres<\/span><\/li>\r\n<li><span>Floor area:<\/span><span> 43,60<sup>sqm <\/sup><\/span><\/li>\r\n<li><span>Outdoor terrace:<\/span><span> 27,40<sup>sqm <\/sup><\/span><\/li>\r\n<li><span>Holospace:<\/span><span> without flooring and wall treatment <\/span> <\/li>\r\n<li><span>Heating:<\/span><span> Radiators<\/span><\/li>\r\n<li><span>Cooling:<\/span><span> Pre-preparation for air conditioning<\/span><\/li>\r\n<li><span>Health Engineering:<\/span><span> pre-preparation according to project documentation <\/span> <\/li>\r\n<li class=\"ccc\"><span>Price:<\/span><span> 231 170 \u20ac incl. VAT<\/span><\/li>\r\n<\/ul>\r\n\r\n<a class=\"pdf\" target=\"_blank\" href=\"https:\/\/pristudnicke.sk\/wp-content\/uploads\/2024\/11\/OV.A.1.1.pdf\">Floor plan<\/a>\r\n<\/div>\r\n\r\n<\/div>\r\n\r\n\r\n\r\n\r\n\r\n\r\n<div class=\"bottom\" id=\"kontakt-info\" style=\"background-color:black\">\r\n\r\n\r\n<div class=\"right konatel\" data-aos=\"fade-right\">\r\n\r\n\r\n\r\n\r\n\r\n<h2>PROJECT MANAGER<\/h2>\r\n<p>If you have any questions, please do not hesitate to contact us. We will be happy to tell you more.\r\n<strong>PhDr. Eva Vold\u0159ichov\u00e1<\/strong>\r\n<a href=\"tel:+421 948 45 45 45\">+421 948 45 45 45<\/a>\r\n<a href=\"mailto:predaj@pristudnicke.sk\">predaj@pristudnicke.sk<\/a><br>\t<a href=\"online-meet\">google meet<\/a>\r\n<\/p>\r\n<\/div>\r\n\r\n\r\n\r\n\r\n<div class=\"left\" data-aos=\"fade-left\">\r\n<h2>Write to us<\/h2>\r\n\n<div class=\"wpcf7 no-js\" id=\"wpcf7-f2935-o1\" lang=\"en-US\" dir=\"ltr\" data-wpcf7-id=\"2935\">\n<div class=\"screen-reader-response\"><p role=\"status\" aria-live=\"polite\" aria-atomic=\"true\"><\/p> <ul><\/ul><\/div>\n<form action=\"\/en\/wp-json\/wp\/v2\/pages\/2923#wpcf7-f2935-o1\" method=\"post\" class=\"wpcf7-form init\" aria-label=\"Contact form\" novalidate=\"novalidate\" data-status=\"init\">\n<fieldset class=\"hidden-fields-container\"><input type=\"hidden\" name=\"_wpcf7\" value=\"2935\" \/><input type=\"hidden\" name=\"_wpcf7_version\" value=\"6.1\" \/><input type=\"hidden\" name=\"_wpcf7_locale\" value=\"en_US\" \/><input type=\"hidden\" name=\"_wpcf7_unit_tag\" value=\"wpcf7-f2935-o1\" \/><input type=\"hidden\" name=\"_wpcf7_container_post\" value=\"0\" \/><input type=\"hidden\" name=\"_wpcf7_posted_data_hash\" value=\"\" \/><input type=\"hidden\" name=\"_wpcf7_recaptcha_response\" value=\"\" \/>\n<\/fieldset>\n<p><label><br \/>\n<span class=\"pp\">Your name*<\/span><br \/>\n<span class=\"wpcf7-form-control-wrap\" data-name=\"your-name\"><input size=\"40\" maxlength=\"400\" class=\"wpcf7-form-control wpcf7-text wpcf7-validates-as-required\" aria-required=\"true\" aria-invalid=\"false\" placeholder=\"Your name*\" value=\"\" type=\"text\" name=\"your-name\" \/><\/span> <\/label>\n<\/p>\n<p><label><br \/>\n<span class=\"pp\">Contact email*<\/span><br \/>\n<span class=\"wpcf7-form-control-wrap\" data-name=\"your-email\"><input size=\"40\" maxlength=\"400\" class=\"wpcf7-form-control wpcf7-email wpcf7-validates-as-required wpcf7-text wpcf7-validates-as-email\" aria-required=\"true\" aria-invalid=\"false\" placeholder=\"Contact email*\" value=\"\" type=\"email\" name=\"your-email\" \/><\/span> <\/label>\n<\/p>\n<p><label><br \/>\n<span class=\"pp\">Phone number*<\/span><br \/>\n<span class=\"wpcf7-form-control-wrap\" data-name=\"your-phone\"><input size=\"40\" maxlength=\"400\" class=\"wpcf7-form-control wpcf7-text wpcf7-validates-as-required\" aria-required=\"true\" aria-invalid=\"false\" placeholder=\"Phone number*\" value=\"\" type=\"text\" name=\"your-phone\" \/><\/span> <\/label>\n<\/p>\n<p><label><br \/>\n<span class=\"pp\">Space for your message<\/span><br \/>\n<span class=\"wpcf7-form-control-wrap\" data-name=\"your-message\"><textarea cols=\"40\" rows=\"10\" maxlength=\"2000\" class=\"wpcf7-form-control wpcf7-textarea\" aria-invalid=\"false\" placeholder=\"Space for your message\" name=\"your-message\"><\/textarea><\/span> <\/label>\n<\/p>\n<span class=\"wpcf7-form-control-wrap recaptcha\" data-name=\"recaptcha\"><span data-sitekey=\"6Lf8ZJUrAAAAAOLsYjAPaqso0X_ua_UY2S_NfB0F\" class=\"wpcf7-form-control wpcf7-recaptcha g-recaptcha\"><\/span>\r\n<noscript>\r\n\t<div class=\"grecaptcha-noscript\">\r\n\t\t<iframe loading=\"lazy\" src=\"https:\/\/www.google.com\/recaptcha\/api\/fallback?k=6Lf8ZJUrAAAAAOLsYjAPaqso0X_ua_UY2S_NfB0F\" frameborder=\"0\" scrolling=\"no\" width=\"310\" height=\"430\">\r\n\t\t<\/iframe>\r\n\t\t<textarea name=\"g-recaptcha-response\" rows=\"3\" cols=\"40\" placeholder=\"reCaptcha Response Here\">\r\n\t\t<\/textarea>\r\n\t<\/div>\r\n<\/noscript>\r\n<\/span>\n<p><input class=\"wpcf7-form-control wpcf7-submit has-spinner\" type=\"submit\" value=\"Send\" \/>\n<\/p>\n<p class=\"notice\">We process the personal data sent for the purpose of processing your request. More <a href=\"https:\/\/pristudnicke.sk\/wp-content\/uploads\/2023\/09\/zasady-ochrany-osobnych-udajov-na-web.pdf\">Privacy Policy<\/a>.\n<\/p><p style=\"display: none !important;\" class=\"akismet-fields-container\" data-prefix=\"_wpcf7_ak_\"><label>&#916;<textarea name=\"_wpcf7_ak_hp_textarea\" cols=\"45\" rows=\"8\" maxlength=\"100\"><\/textarea><\/label><input type=\"hidden\" id=\"ak_js_1\" name=\"_wpcf7_ak_js\" value=\"73\"\/><script>document.getElementById( \"ak_js_1\" ).setAttribute( \"value\", ( new Date() ).getTime() );<\/script><\/p><div class=\"wpcf7-response-output\" aria-hidden=\"true\"><\/div>\n<\/form>\n<\/div>\n\r\n<\/div>\r\n\r\n\r\n\r\n\r\n\r\n\r\n<\/div>","protected":false},"excerpt":{"rendered":"Commercial space in block C Ideal for: office, showroom, shop Clearance in space: 4.25 metres Floor area: 45,10sqm Holospace: without flooring and wall treatment Heating: Radiators Cooling: Pre-preparation for air conditioning Health Engineering: pre-preparation according to project documentation Price: 181 951 \u20ac incl. VAT The fa\u00e7ade of the space will be glazed as shown in&hellip; <a class=\"more-link\" href=\"https:\/\/pristudnicke.sk\/en\/business-premises-for-sale\/\">Continue reading <span class=\"screen-reader-text\">Business premises<\/span><\/a>","protected":false},"author":1,"featured_media":0,"parent":0,"menu_order":0,"comment_status":"closed","ping_status":"closed","template":"obchodne-priestory.php","meta":{"inline_featured_image":false,"footnotes":""},"class_list":["post-2923","page","type-page","status-publish","hentry","entry"],"acf":[],"yoast_head":"<!-- This site is optimized with the Yoast SEO plugin v19.14 - https:\/\/yoast.com\/wordpress\/plugins\/seo\/ -->\n<title>Business premises | PRI STUDNI\u010cKE<\/title>\n<meta name=\"robots\" content=\"index, follow, max-snippet:-1, max-image-preview:large, max-video-preview:-1\" \/>\n<link rel=\"canonical\" href=\"https:\/\/pristudnicke.sk\/en\/business-premises-for-sale\/\" \/>\n<meta property=\"og:locale\" content=\"en_US\" \/>\n<meta property=\"og:type\" content=\"article\" \/>\n<meta property=\"og:title\" content=\"Business premises | PRI STUDNI\u010cKE\" \/>\n<meta property=\"og:description\" content=\"Commercial space in block C Ideal for: office, showroom, shop Clearance in space: 4.25 metres Floor area: 45,10sqm Holospace: without flooring and wall treatment Heating: Radiators Cooling: Pre-preparation for air conditioning Health Engineering: pre-preparation according to project documentation Price: 181 951 \u20ac incl. VAT The fa\u00e7ade of the space will be glazed as shown in&hellip; Continue reading Business premises\" \/>\n<meta property=\"og:url\" content=\"https:\/\/pristudnicke.sk\/en\/business-premises-for-sale\/\" \/>\n<meta property=\"og:site_name\" content=\"PRI STUDNI\u010cKE\" \/>\n<meta property=\"article:publisher\" content=\"https:\/\/www.facebook.com\/PRI-STUDNIKE-106033625326716\" \/>\n<meta property=\"article:modified_time\" content=\"2025-07-29T10:04:10+00:00\" \/>\n<meta name=\"twitter:card\" content=\"summary_large_image\" \/>\n<meta name=\"twitter:label1\" content=\"Est. reading time\" \/>\n\t<meta name=\"twitter:data1\" content=\"1 minute\" \/>\n<script type=\"application\/ld+json\" class=\"yoast-schema-graph\">{\"@context\":\"https:\/\/schema.org\",\"@graph\":[{\"@type\":\"WebPage\",\"@id\":\"https:\/\/pristudnicke.sk\/en\/business-premises-for-sale\/\",\"url\":\"https:\/\/pristudnicke.sk\/en\/business-premises-for-sale\/\",\"name\":\"Business premises | PRI STUDNI\u010cKE\",\"isPartOf\":{\"@id\":\"https:\/\/pristudnicke.sk\/en\/#website\"},\"datePublished\":\"2024-11-21T09:31:45+00:00\",\"dateModified\":\"2025-07-29T10:04:10+00:00\",\"breadcrumb\":{\"@id\":\"https:\/\/pristudnicke.sk\/en\/business-premises-for-sale\/#breadcrumb\"},\"inLanguage\":\"en-US\",\"potentialAction\":[{\"@type\":\"ReadAction\",\"target\":[\"https:\/\/pristudnicke.sk\/en\/business-premises-for-sale\/\"]}]},{\"@type\":\"BreadcrumbList\",\"@id\":\"https:\/\/pristudnicke.sk\/en\/business-premises-for-sale\/#breadcrumb\",\"itemListElement\":[{\"@type\":\"ListItem\",\"position\":1,\"name\":\"Domovsk\u00e1 str\u00e1nka\",\"item\":\"https:\/\/pristudnicke.sk\/en\/\"},{\"@type\":\"ListItem\",\"position\":2,\"name\":\"Business premises\"}]},{\"@type\":\"WebSite\",\"@id\":\"https:\/\/pristudnicke.sk\/en\/#website\",\"url\":\"https:\/\/pristudnicke.sk\/en\/\",\"name\":\"PRI STUDNI\u010cKE\",\"description\":\"Predpredaj bytov pri \u017deleznej Studni\u010dke v Bratislave\",\"publisher\":{\"@id\":\"https:\/\/pristudnicke.sk\/en\/#organization\"},\"potentialAction\":[{\"@type\":\"SearchAction\",\"target\":{\"@type\":\"EntryPoint\",\"urlTemplate\":\"https:\/\/pristudnicke.sk\/en\/?s={search_term_string}\"},\"query-input\":\"required name=search_term_string\"}],\"inLanguage\":\"en-US\"},{\"@type\":\"Organization\",\"@id\":\"https:\/\/pristudnicke.sk\/en\/#organization\",\"name\":\"PRISTUDNI\u010cKE\",\"url\":\"https:\/\/pristudnicke.sk\/en\/\",\"logo\":{\"@type\":\"ImageObject\",\"inLanguage\":\"en-US\",\"@id\":\"https:\/\/pristudnicke.sk\/en\/#\/schema\/logo\/image\/\",\"url\":\"https:\/\/pristudnicke.sk\/wp-content\/uploads\/2021\/09\/logo1.svg\",\"contentUrl\":\"https:\/\/pristudnicke.sk\/wp-content\/uploads\/2021\/09\/logo1.svg\",\"width\":\"1024\",\"height\":\"1024\",\"caption\":\"PRISTUDNI\u010cKE\"},\"image\":{\"@id\":\"https:\/\/pristudnicke.sk\/en\/#\/schema\/logo\/image\/\"},\"sameAs\":[\"https:\/\/www.facebook.com\/PRI-STUDNIKE-106033625326716\"]}]}<\/script>\n<!-- \/ Yoast SEO plugin. -->","yoast_head_json":{"title":"Business premises | PRI STUDNI\u010cKE","robots":{"index":"index","follow":"follow","max-snippet":"max-snippet:-1","max-image-preview":"max-image-preview:large","max-video-preview":"max-video-preview:-1"},"canonical":"https:\/\/pristudnicke.sk\/en\/business-premises-for-sale\/","og_locale":"en_US","og_type":"article","og_title":"Business premises | PRI STUDNI\u010cKE","og_description":"Commercial space in block C Ideal for: office, showroom, shop Clearance in space: 4.25 metres Floor area: 45,10sqm Holospace: without flooring and wall treatment Heating: Radiators Cooling: Pre-preparation for air conditioning Health Engineering: pre-preparation according to project documentation Price: 181 951 \u20ac incl. VAT The fa\u00e7ade of the space will be glazed as shown in&hellip; Continue reading Business premises","og_url":"https:\/\/pristudnicke.sk\/en\/business-premises-for-sale\/","og_site_name":"PRI STUDNI\u010cKE","article_publisher":"https:\/\/www.facebook.com\/PRI-STUDNIKE-106033625326716","article_modified_time":"2025-07-29T10:04:10+00:00","twitter_card":"summary_large_image","twitter_misc":{"Est. reading time":"1 minute"},"schema":{"@context":"https:\/\/schema.org","@graph":[{"@type":"WebPage","@id":"https:\/\/pristudnicke.sk\/en\/business-premises-for-sale\/","url":"https:\/\/pristudnicke.sk\/en\/business-premises-for-sale\/","name":"Business premises | PRI STUDNI\u010cKE","isPartOf":{"@id":"https:\/\/pristudnicke.sk\/en\/#website"},"datePublished":"2024-11-21T09:31:45+00:00","dateModified":"2025-07-29T10:04:10+00:00","breadcrumb":{"@id":"https:\/\/pristudnicke.sk\/en\/business-premises-for-sale\/#breadcrumb"},"inLanguage":"en-US","potentialAction":[{"@type":"ReadAction","target":["https:\/\/pristudnicke.sk\/en\/business-premises-for-sale\/"]}]},{"@type":"BreadcrumbList","@id":"https:\/\/pristudnicke.sk\/en\/business-premises-for-sale\/#breadcrumb","itemListElement":[{"@type":"ListItem","position":1,"name":"Domovsk\u00e1 str\u00e1nka","item":"https:\/\/pristudnicke.sk\/en\/"},{"@type":"ListItem","position":2,"name":"Business premises"}]},{"@type":"WebSite","@id":"https:\/\/pristudnicke.sk\/en\/#website","url":"https:\/\/pristudnicke.sk\/en\/","name":"PRI STUDNI\u010cKE","description":"Predpredaj bytov pri \u017deleznej Studni\u010dke v Bratislave","publisher":{"@id":"https:\/\/pristudnicke.sk\/en\/#organization"},"potentialAction":[{"@type":"SearchAction","target":{"@type":"EntryPoint","urlTemplate":"https:\/\/pristudnicke.sk\/en\/?s={search_term_string}"},"query-input":"required name=search_term_string"}],"inLanguage":"en-US"},{"@type":"Organization","@id":"https:\/\/pristudnicke.sk\/en\/#organization","name":"PRISTUDNI\u010cKE","url":"https:\/\/pristudnicke.sk\/en\/","logo":{"@type":"ImageObject","inLanguage":"en-US","@id":"https:\/\/pristudnicke.sk\/en\/#\/schema\/logo\/image\/","url":"https:\/\/pristudnicke.sk\/wp-content\/uploads\/2021\/09\/logo1.svg","contentUrl":"https:\/\/pristudnicke.sk\/wp-content\/uploads\/2021\/09\/logo1.svg","width":"1024","height":"1024","caption":"PRISTUDNI\u010cKE"},"image":{"@id":"https:\/\/pristudnicke.sk\/en\/#\/schema\/logo\/image\/"},"sameAs":["https:\/\/www.facebook.com\/PRI-STUDNIKE-106033625326716"]}]}},"_links":{"self":[{"href":"https:\/\/pristudnicke.sk\/en\/wp-json\/wp\/v2\/pages\/2923","targetHints":{"allow":["GET"]}}],"collection":[{"href":"https:\/\/pristudnicke.sk\/en\/wp-json\/wp\/v2\/pages"}],"about":[{"href":"https:\/\/pristudnicke.sk\/en\/wp-json\/wp\/v2\/types\/page"}],"author":[{"embeddable":true,"href":"https:\/\/pristudnicke.sk\/en\/wp-json\/wp\/v2\/users\/1"}],"replies":[{"embeddable":true,"href":"https:\/\/pristudnicke.sk\/en\/wp-json\/wp\/v2\/comments?post=2923"}],"version-history":[{"count":3,"href":"https:\/\/pristudnicke.sk\/en\/wp-json\/wp\/v2\/pages\/2923\/revisions"}],"predecessor-version":[{"id":2979,"href":"https:\/\/pristudnicke.sk\/en\/wp-json\/wp\/v2\/pages\/2923\/revisions\/2979"}],"wp:attachment":[{"href":"https:\/\/pristudnicke.sk\/en\/wp-json\/wp\/v2\/media?parent=2923"}],"curies":[{"name":"wp","href":"https:\/\/api.w.org\/{rel}","templated":true}]}}